{"id":6321,"date":"2023-04-24T04:08:53","date_gmt":"2023-04-24T00:08:53","guid":{"rendered":"https:\/\/umayalighting.com\/projects\/palacio-privado\/"},"modified":"2023-09-16T16:40:52","modified_gmt":"2023-09-16T12:40:52","slug":"private-palace","status":"publish","type":"product","link":"https:\/\/umayalighting.com\/es\/projects\/private-palace\/","title":{"rendered":"Palacio Privado"},"content":{"rendered":"<p>El dise\u00f1o lum\u00ednico se desarroll\u00f3 como una serie de escenas, una secuencia de momentos interconectados por una historia com\u00fan.<\/p>\n<p>La iluminaci\u00f3n arquitect\u00f3nica se integr\u00f3 completamente con la arquitectura, resaltando texturas y llamando la atenci\u00f3n a los detalles y formas, creando puntos focales sin competir con la iluminaci\u00f3n decorativa. Esta integraci\u00f3n fue vital para lograr efectos \u00fanicos y una ambientaci\u00f3n distintiva.<\/p>\n<p>La iluminaci\u00f3n de fachada se centr\u00f3 en los principales componentes volum\u00e9tricos del edificio. Las columnas, arcos y cornisas se enfatizaron para crear un contraste dram\u00e1tico y realzar la escala del palacio. Los bordes de los techos fueron sutilmente delineados, revelando los vol\u00famenes de la arquitectura y situando al palacio en la escena nocturna.<\/p>\n<p>La iluminaci\u00f3n de paisaje se bas\u00f3 en un sistema jer\u00e1rquico, enfatizando \u00e1reas espec\u00edficas de inter\u00e9s con el majestuoso tel\u00f3n de fondo del palacio. Columnas, bolardos, ba\u00f1adores, luminarias decorativas y elementos de iluminaci\u00f3n submarina crearon un sofisticado entorno visual para la vida al aire libre, as\u00ed como un escenario para ser admirado desde el interior del palacio.<\/p>\n","protected":false},"excerpt":{"rendered":"<p>UBICACI\u00d3N: Lahore, Pakist\u00e1n<br \/>\nUSO: RESIDENCIAL<br \/>\nALCANCE: DISE\u00d1O LUM\u00cdNICO DE INTERIORES, EXTERIORES, FACHADA &amp; PAISAJISMO<\/p>\n","protected":false},"featured_media":8839,"comment_status":"closed","ping_status":"closed","template":"","meta":{"_acf_changed":false},"product_brand":[],"product_cat":[108],"product_tag":[],"class_list":{"0":"post-6321","1":"product","2":"type-product","3":"status-publish","4":"has-post-thumbnail","6":"product_cat-proyectos","8":"first","9":"instock","10":"shipping-taxable","11":"product-type-simple"},"acf":[],"_links":{"self":[{"href":"https:\/\/umayalighting.com\/es\/wp-json\/wp\/v2\/product\/6321","targetHints":{"allow":["GET"]}}],"collection":[{"href":"https:\/\/umayalighting.com\/es\/wp-json\/wp\/v2\/product"}],"about":[{"href":"https:\/\/umayalighting.com\/es\/wp-json\/wp\/v2\/types\/product"}],"replies":[{"embeddable":true,"href":"https:\/\/umayalighting.com\/es\/wp-json\/wp\/v2\/comments?post=6321"}],"wp:featuredmedia":[{"embeddable":true,"href":"https:\/\/umayalighting.com\/es\/wp-json\/wp\/v2\/media\/8839"}],"wp:attachment":[{"href":"https:\/\/umayalighting.com\/es\/wp-json\/wp\/v2\/media?parent=6321"}],"wp:term":[{"taxonomy":"product_brand","embeddable":true,"href":"https:\/\/umayalighting.com\/es\/wp-json\/wp\/v2\/product_brand?post=6321"},{"taxonomy":"product_cat","embeddable":true,"href":"https:\/\/umayalighting.com\/es\/wp-json\/wp\/v2\/product_cat?post=6321"},{"taxonomy":"product_tag","embeddable":true,"href":"https:\/\/umayalighting.com\/es\/wp-json\/wp\/v2\/product_tag?post=6321"}],"curies":[{"name":"wp","href":"https:\/\/api.w.org\/{rel}","templated":true}]}}