{"id":6347,"date":"2023-04-24T04:22:11","date_gmt":"2023-04-24T00:22:11","guid":{"rendered":"https:\/\/umayalighting.com\/projects\/residencias-privadas\/"},"modified":"2023-09-16T16:40:52","modified_gmt":"2023-09-16T12:40:52","slug":"private-villas","status":"publish","type":"product","link":"https:\/\/umayalighting.com\/es\/projects\/private-villas\/","title":{"rendered":"Residencias Privadas"},"content":{"rendered":"<p>Tanto si se trata de un gran palacio, una mansi\u00f3n cl\u00e1sica o la residencia m\u00e1s contempor\u00e1nea, la iluminaci\u00f3n residencial privada siempre debe fusionar el atractivo est\u00e9tico con las exigencias de la vida cotidiana. Un buen proyecto de iluminaci\u00f3n debe ser atractivo, as\u00ed como funcional.<\/p>\n<p>Nuestro equipo de dise\u00f1adores de iluminaci\u00f3n trabaja hombro a hombro con dise\u00f1adores de interiores, arquitectos, consultores electromec\u00e1nicos y paisajistas para ofrecer soluciones de vanguardia que seanatractivas, eficientes y consistentes.<\/p>\n<p>La calidad de nuestros proyectos se ve reforzada por un paquete de presentaci\u00f3n integral, que incluye no s\u00f3lo la informaci\u00f3n t\u00e9cnica est\u00e1ndar, sino tambi\u00e9n esquemas, renders y c\u00e1lculos, junto con im\u00e1genes de referencia e inspiraci\u00f3n.<\/p>\n","protected":false},"excerpt":{"rendered":"<p>UBICACI\u00d3N: DUBAI, EMIRATOS \u00c1RABES UNIDOS<br \/>\nUSO: RESIDENCIAL<br \/>\nALCANCE: DISE\u00d1O LUM\u00cdNICO DE INTERIORES, FACHADA Y PAISAJISMO<\/p>\n","protected":false},"featured_media":5308,"comment_status":"closed","ping_status":"closed","template":"","meta":{"_acf_changed":false},"product_brand":[],"product_cat":[108],"product_tag":[],"class_list":{"0":"post-6347","1":"product","2":"type-product","3":"status-publish","4":"has-post-thumbnail","6":"product_cat-proyectos","8":"first","9":"instock","10":"shipping-taxable","11":"product-type-simple"},"acf":[],"_links":{"self":[{"href":"https:\/\/umayalighting.com\/es\/wp-json\/wp\/v2\/product\/6347","targetHints":{"allow":["GET"]}}],"collection":[{"href":"https:\/\/umayalighting.com\/es\/wp-json\/wp\/v2\/product"}],"about":[{"href":"https:\/\/umayalighting.com\/es\/wp-json\/wp\/v2\/types\/product"}],"replies":[{"embeddable":true,"href":"https:\/\/umayalighting.com\/es\/wp-json\/wp\/v2\/comments?post=6347"}],"wp:featuredmedia":[{"embeddable":true,"href":"https:\/\/umayalighting.com\/es\/wp-json\/wp\/v2\/media\/5308"}],"wp:attachment":[{"href":"https:\/\/umayalighting.com\/es\/wp-json\/wp\/v2\/media?parent=6347"}],"wp:term":[{"taxonomy":"product_brand","embeddable":true,"href":"https:\/\/umayalighting.com\/es\/wp-json\/wp\/v2\/product_brand?post=6347"},{"taxonomy":"product_cat","embeddable":true,"href":"https:\/\/umayalighting.com\/es\/wp-json\/wp\/v2\/product_cat?post=6347"},{"taxonomy":"product_tag","embeddable":true,"href":"https:\/\/umayalighting.com\/es\/wp-json\/wp\/v2\/product_tag?post=6347"}],"curies":[{"name":"wp","href":"https:\/\/api.w.org\/{rel}","templated":true}]}}