{"id":6366,"date":"2023-04-24T04:12:30","date_gmt":"2023-04-24T00:12:30","guid":{"rendered":"https:\/\/umayalighting.com\/projects\/hotel-marriott\/"},"modified":"2023-09-16T16:40:53","modified_gmt":"2023-09-16T12:40:53","slug":"marriott-hotel","status":"publish","type":"product","link":"https:\/\/umayalighting.com\/es\/projects\/marriott-hotel\/","title":{"rendered":"Hotel Marriott"},"content":{"rendered":"<p>El concepto de dise\u00f1o de iluminaci\u00f3n se inspir\u00f3 principalmente en la proximidad del edificio al mar y a la costa. Nuestra narrativa de iluminaci\u00f3n consisti\u00f3 en contrastar el ascenso y la ca\u00edda de las dunas de arena contra un fondo de olas que emanan del mar. As\u00ed, tradujimos este concepto a la fachada a trav\u00e9s de un esquema de iluminaci\u00f3n relativamente simple pero contempor\u00e1neo. Nuestra estrategia de iluminaci\u00f3n se centr\u00f3 en iluminar el generoso lenguaje volum\u00e9trico de la arquitectura y, al mismo tiempo, enfocarnos en tratamientos de iluminaci\u00f3n espec\u00edficos para expresar detalles arquitect\u00f3nicos particulares. Destacamos los detalles \u00fanicos de la arquitectura con iluminaci\u00f3n lineal para resaltar los perfiles horizontales y verticales, creando as\u00ed un flujo general de movimiento.<\/p>\n","protected":false},"excerpt":{"rendered":"<p>UBICACI\u00d3N: DUBAI, EMIRATOS \u00c1RABES UNIDOS<br \/>\nUSO: HOTELER\u00cdA<br \/>\nALCANCE: DISE\u00d1O LUM\u00cdNICO DE FACHADA<\/p>\n","protected":false},"featured_media":9615,"comment_status":"closed","ping_status":"closed","template":"","meta":{"_acf_changed":false},"product_brand":[],"product_cat":[108],"product_tag":[],"class_list":{"0":"post-6366","1":"product","2":"type-product","3":"status-publish","4":"has-post-thumbnail","6":"product_cat-proyectos","8":"first","9":"instock","10":"shipping-taxable","11":"product-type-simple"},"acf":[],"_links":{"self":[{"href":"https:\/\/umayalighting.com\/es\/wp-json\/wp\/v2\/product\/6366","targetHints":{"allow":["GET"]}}],"collection":[{"href":"https:\/\/umayalighting.com\/es\/wp-json\/wp\/v2\/product"}],"about":[{"href":"https:\/\/umayalighting.com\/es\/wp-json\/wp\/v2\/types\/product"}],"replies":[{"embeddable":true,"href":"https:\/\/umayalighting.com\/es\/wp-json\/wp\/v2\/comments?post=6366"}],"wp:featuredmedia":[{"embeddable":true,"href":"https:\/\/umayalighting.com\/es\/wp-json\/wp\/v2\/media\/9615"}],"wp:attachment":[{"href":"https:\/\/umayalighting.com\/es\/wp-json\/wp\/v2\/media?parent=6366"}],"wp:term":[{"taxonomy":"product_brand","embeddable":true,"href":"https:\/\/umayalighting.com\/es\/wp-json\/wp\/v2\/product_brand?post=6366"},{"taxonomy":"product_cat","embeddable":true,"href":"https:\/\/umayalighting.com\/es\/wp-json\/wp\/v2\/product_cat?post=6366"},{"taxonomy":"product_tag","embeddable":true,"href":"https:\/\/umayalighting.com\/es\/wp-json\/wp\/v2\/product_tag?post=6366"}],"curies":[{"name":"wp","href":"https:\/\/api.w.org\/{rel}","templated":true}]}}