{"id":6367,"date":"2023-04-24T04:23:52","date_gmt":"2023-04-24T00:23:52","guid":{"rendered":"https:\/\/umayalighting.com\/projects\/mall-torre-rafal\/"},"modified":"2023-09-16T16:40:53","modified_gmt":"2023-09-16T12:40:53","slug":"rafal-tower-mall","status":"publish","type":"product","link":"https:\/\/umayalighting.com\/es\/projects\/rafal-tower-mall\/","title":{"rendered":"Mall Torre Rafal"},"content":{"rendered":"<p>Este desarrollo comercial de alta gama situado en el podio de la prestigiosa Torre Rafal en Riad alberga una gran variedad de selectas boutiques, elegantes caf\u00e9s y finos restaurantes. El concepto principal fue mantener el dise\u00f1o lum\u00ednico de las \u00e1reas comunes simple y sofisticado, resaltando el dise\u00f1o de interiores y creando el ambiente adecuado para mostrar una selecci\u00f3n de marcas exclusivas.<\/p>\n<p>Ranuras en techos siguiendo la disposici\u00f3n org\u00e1nica proporcionan una iluminaci\u00f3n indirecta y suave, generando un ambiente tranquilo y acogedor para los compradores. Las \u00e1reas centrales en ambos niveles se iluminaron con techos trasl\u00facidos retro iluminados, que funcionan como focos de atenci\u00f3n y elementos de referencia en el edificio.<\/p>\n","protected":false},"excerpt":{"rendered":"<p>UBICACI\u00d3N: RIAD, ARABIA SAUDITA<br \/>\nUSO: Malls &amp; Retail<br \/>\nALCANCE: DISE\u00d1O LUM\u00cdNICO DE INTERIORES<\/p>\n","protected":false},"featured_media":8490,"comment_status":"closed","ping_status":"closed","template":"","meta":{"_acf_changed":false},"product_brand":[],"product_cat":[108],"product_tag":[],"class_list":{"0":"post-6367","1":"product","2":"type-product","3":"status-publish","4":"has-post-thumbnail","6":"product_cat-proyectos","8":"first","9":"instock","10":"shipping-taxable","11":"product-type-simple"},"acf":[],"_links":{"self":[{"href":"https:\/\/umayalighting.com\/es\/wp-json\/wp\/v2\/product\/6367","targetHints":{"allow":["GET"]}}],"collection":[{"href":"https:\/\/umayalighting.com\/es\/wp-json\/wp\/v2\/product"}],"about":[{"href":"https:\/\/umayalighting.com\/es\/wp-json\/wp\/v2\/types\/product"}],"replies":[{"embeddable":true,"href":"https:\/\/umayalighting.com\/es\/wp-json\/wp\/v2\/comments?post=6367"}],"wp:featuredmedia":[{"embeddable":true,"href":"https:\/\/umayalighting.com\/es\/wp-json\/wp\/v2\/media\/8490"}],"wp:attachment":[{"href":"https:\/\/umayalighting.com\/es\/wp-json\/wp\/v2\/media?parent=6367"}],"wp:term":[{"taxonomy":"product_brand","embeddable":true,"href":"https:\/\/umayalighting.com\/es\/wp-json\/wp\/v2\/product_brand?post=6367"},{"taxonomy":"product_cat","embeddable":true,"href":"https:\/\/umayalighting.com\/es\/wp-json\/wp\/v2\/product_cat?post=6367"},{"taxonomy":"product_tag","embeddable":true,"href":"https:\/\/umayalighting.com\/es\/wp-json\/wp\/v2\/product_tag?post=6367"}],"curies":[{"name":"wp","href":"https:\/\/api.w.org\/{rel}","templated":true}]}}