{"id":6368,"date":"2023-04-24T04:12:22","date_gmt":"2023-04-24T00:12:22","guid":{"rendered":"https:\/\/umayalighting.com\/projects\/edificio-residencial\/"},"modified":"2023-09-16T16:40:53","modified_gmt":"2023-09-16T12:40:53","slug":"residential-building","status":"publish","type":"product","link":"https:\/\/umayalighting.com\/es\/projects\/residential-building\/","title":{"rendered":"Edificio Residencial"},"content":{"rendered":"<p>Interpretamos la fachada como una superficie de agua resplandeciente que vincula al edificio con el mar. Nuestra intenci\u00f3n fue reproducir un efecto de ondulaci\u00f3n utilizando luz lineal a lo largo de los perfiles curvos, desvaneci\u00e9ndose hacia adentro y recreando por lo tanto este fen\u00f3meno natural. A medida que la luz se desplaza hacia el centro del edificio la atenci\u00f3n se dirige a la perla, que tiene un efecto brillante caracter\u00edstico de su superficie. Se utilizaron estrategias de iluminaci\u00f3n complementarias en las fachadas secundarias, podio y accesos, equilibrando la composici\u00f3n nocturna y dando al edificio una escala humana.<\/p>\n","protected":false},"excerpt":{"rendered":"<p>UBICACI\u00d3N: DUBAI, EMIRATOS \u00c1RABES UNIDOS<br \/>\nUSO: RESIDENCIAL<br \/>\nALCANCE: DISE\u00d1O LUM\u00cdNICO DE FACHADA<\/p>\n","protected":false},"featured_media":5018,"comment_status":"closed","ping_status":"closed","template":"","meta":{"_acf_changed":false},"product_brand":[],"product_cat":[108],"product_tag":[],"class_list":{"0":"post-6368","1":"product","2":"type-product","3":"status-publish","4":"has-post-thumbnail","6":"product_cat-proyectos","8":"first","9":"instock","10":"shipping-taxable","11":"product-type-simple"},"acf":[],"_links":{"self":[{"href":"https:\/\/umayalighting.com\/es\/wp-json\/wp\/v2\/product\/6368","targetHints":{"allow":["GET"]}}],"collection":[{"href":"https:\/\/umayalighting.com\/es\/wp-json\/wp\/v2\/product"}],"about":[{"href":"https:\/\/umayalighting.com\/es\/wp-json\/wp\/v2\/types\/product"}],"replies":[{"embeddable":true,"href":"https:\/\/umayalighting.com\/es\/wp-json\/wp\/v2\/comments?post=6368"}],"wp:featuredmedia":[{"embeddable":true,"href":"https:\/\/umayalighting.com\/es\/wp-json\/wp\/v2\/media\/5018"}],"wp:attachment":[{"href":"https:\/\/umayalighting.com\/es\/wp-json\/wp\/v2\/media?parent=6368"}],"wp:term":[{"taxonomy":"product_brand","embeddable":true,"href":"https:\/\/umayalighting.com\/es\/wp-json\/wp\/v2\/product_brand?post=6368"},{"taxonomy":"product_cat","embeddable":true,"href":"https:\/\/umayalighting.com\/es\/wp-json\/wp\/v2\/product_cat?post=6368"},{"taxonomy":"product_tag","embeddable":true,"href":"https:\/\/umayalighting.com\/es\/wp-json\/wp\/v2\/product_tag?post=6368"}],"curies":[{"name":"wp","href":"https:\/\/api.w.org\/{rel}","templated":true}]}}