{"id":6369,"date":"2023-04-24T04:27:23","date_gmt":"2023-04-24T00:27:23","guid":{"rendered":"https:\/\/umayalighting.com\/projects\/rixos-the-palm-dubai-hotel\/"},"modified":"2023-09-16T16:40:53","modified_gmt":"2023-09-16T12:40:53","slug":"rixos-the-palm-dubai-hotel","status":"publish","type":"product","link":"https:\/\/umayalighting.com\/es\/projects\/rixos-the-palm-dubai-hotel\/","title":{"rendered":"Rixos The Palm Dubai Hotel"},"content":{"rendered":"<p>Situado en uno de los lugares m\u00e1s exclusivos de la isla Palm Jumeirah, en la punta extrema del lado derecho de la Isla Crescent, este magn\u00edfico desarrollo consta de un hotel de lujo, residencias, marina privada y club de playa. El hotel cinco estrellas de seis pisos, con spa, puerto deportivo y club de playa, fue dise\u00f1ado en forma de elegante follaje, para preservar el esp\u00edritu \u00fanico de la isla.<\/p>\n<p>El punto de partida para el concepto de iluminaci\u00f3n de fachada fue el di\u00e1logo entre el edificio y el mar. Nuestro objetivo fue narrar una historia, y capturar la energ\u00eda, dinamismo y brillo de la superficie del agua durante la noche. La malla arquitect\u00f3nica que cubre la fachada fue utilizada como un lienzo en blanco, donde cientos de puntos de luz recrean el eterno movimiento del mar. La forma, velocidad y tono de las olas var\u00edan durante la noche, para reflejar la emoci\u00f3n o serenidad de los alrededores.<\/p>\n<p>Siguiendo este mismo concepto, la iluminaci\u00f3n de los interiores va m\u00e1s profundo, debajo de la superficie del mar. Con el fin de llevar esta idea a la realidad, los colores del oc\u00e9ano, los rayos del sol, reflexiones y caracter\u00edsticas marinas se convirtieron en los principales elementos a emular. Matices din\u00e1micas de luz, an\u00e9cdotas azules y turquesas, y accesorios de iluminaci\u00f3n de formas org\u00e1nicas evocan el mundo submarino.<\/p>\n","protected":false},"excerpt":{"rendered":"<p>UBICACI\u00d3N: DUBAI, EMIRATOS \u00c1RABES UNIDOS<br \/>\nUSO: HOTELER\u00cdA<br \/>\nALCANCE: DISE\u00d1O LUM\u00cdNICO DE INTERIORES, FACHADA Y PAISAJISMO<\/p>\n","protected":false},"featured_media":7837,"comment_status":"closed","ping_status":"closed","template":"","meta":{"_acf_changed":false},"product_brand":[],"product_cat":[108],"product_tag":[],"class_list":{"0":"post-6369","1":"product","2":"type-product","3":"status-publish","4":"has-post-thumbnail","6":"product_cat-proyectos","8":"first","9":"instock","10":"shipping-taxable","11":"product-type-simple"},"acf":[],"_links":{"self":[{"href":"https:\/\/umayalighting.com\/es\/wp-json\/wp\/v2\/product\/6369","targetHints":{"allow":["GET"]}}],"collection":[{"href":"https:\/\/umayalighting.com\/es\/wp-json\/wp\/v2\/product"}],"about":[{"href":"https:\/\/umayalighting.com\/es\/wp-json\/wp\/v2\/types\/product"}],"replies":[{"embeddable":true,"href":"https:\/\/umayalighting.com\/es\/wp-json\/wp\/v2\/comments?post=6369"}],"wp:featuredmedia":[{"embeddable":true,"href":"https:\/\/umayalighting.com\/es\/wp-json\/wp\/v2\/media\/7837"}],"wp:attachment":[{"href":"https:\/\/umayalighting.com\/es\/wp-json\/wp\/v2\/media?parent=6369"}],"wp:term":[{"taxonomy":"product_brand","embeddable":true,"href":"https:\/\/umayalighting.com\/es\/wp-json\/wp\/v2\/product_brand?post=6369"},{"taxonomy":"product_cat","embeddable":true,"href":"https:\/\/umayalighting.com\/es\/wp-json\/wp\/v2\/product_cat?post=6369"},{"taxonomy":"product_tag","embeddable":true,"href":"https:\/\/umayalighting.com\/es\/wp-json\/wp\/v2\/product_tag?post=6369"}],"curies":[{"name":"wp","href":"https:\/\/api.w.org\/{rel}","templated":true}]}}