{"id":6370,"date":"2023-04-24T04:25:44","date_gmt":"2023-04-24T00:25:44","guid":{"rendered":"https:\/\/umayalighting.com\/projects\/hotel-rose-rayhaan-by-rotana\/"},"modified":"2023-09-16T16:40:53","modified_gmt":"2023-09-16T12:40:53","slug":"rose-rayhaan-hotel-by-rotana","status":"publish","type":"product","link":"https:\/\/umayalighting.com\/es\/projects\/rose-rayhaan-hotel-by-rotana\/","title":{"rendered":"Hotel Rose Rayhaan by Rotana"},"content":{"rendered":"<p>Alcanzando 333 metros de altura en 72 plantas, el Rose Rayhaan by Rotana es el hotel m\u00e1s alto del mundo, y buque insignia de la renombrada marca hotelera. Su ubicaci\u00f3n privilegiada en la famosa Sheikh Zayed Road de Dub\u00e1i, exigi\u00f3 una propuesta de iluminaci\u00f3n externa que resaltara la escala y magnitud de la torre, pero dentro de lo econ\u00f3micamente factible.<\/p>\n<p>El dise\u00f1o lum\u00ednico se focaliz\u00f3 en las principales caracter\u00edsticas arquitect\u00f3nicas, para lograr el mayor impacto visual con la menor intervenci\u00f3n posible. Base, inserciones, aletas y coronaci\u00f3n fueron los elementos elegidos, que proporcionan al edificio una apariencia audaz pero elegante durante la noche.<\/p>\n<p>La estrategia de iluminaci\u00f3n interior fue crear una atm\u00f3sfera sofisticada y cosmopolita, atendiendo a los aspectos funcionales que un programa de este tipo requiere.<\/p>\n","protected":false},"excerpt":{"rendered":"<p>UBICACI\u00d3N: DUBAI, EMIRATOS \u00c1RABES UNIDOS<br \/>\nUSO: HOTELER\u00cdA<br \/>\nALCANCE: DISE\u00d1O LUM\u00cdNICO DE INTERIORES &amp; FACHADA<\/p>\n","protected":false},"featured_media":7804,"comment_status":"closed","ping_status":"closed","template":"","meta":{"_acf_changed":false},"product_brand":[],"product_cat":[108],"product_tag":[],"class_list":{"0":"post-6370","1":"product","2":"type-product","3":"status-publish","4":"has-post-thumbnail","6":"product_cat-proyectos","8":"first","9":"instock","10":"shipping-taxable","11":"product-type-simple"},"acf":[],"_links":{"self":[{"href":"https:\/\/umayalighting.com\/es\/wp-json\/wp\/v2\/product\/6370","targetHints":{"allow":["GET"]}}],"collection":[{"href":"https:\/\/umayalighting.com\/es\/wp-json\/wp\/v2\/product"}],"about":[{"href":"https:\/\/umayalighting.com\/es\/wp-json\/wp\/v2\/types\/product"}],"replies":[{"embeddable":true,"href":"https:\/\/umayalighting.com\/es\/wp-json\/wp\/v2\/comments?post=6370"}],"wp:featuredmedia":[{"embeddable":true,"href":"https:\/\/umayalighting.com\/es\/wp-json\/wp\/v2\/media\/7804"}],"wp:attachment":[{"href":"https:\/\/umayalighting.com\/es\/wp-json\/wp\/v2\/media?parent=6370"}],"wp:term":[{"taxonomy":"product_brand","embeddable":true,"href":"https:\/\/umayalighting.com\/es\/wp-json\/wp\/v2\/product_brand?post=6370"},{"taxonomy":"product_cat","embeddable":true,"href":"https:\/\/umayalighting.com\/es\/wp-json\/wp\/v2\/product_cat?post=6370"},{"taxonomy":"product_tag","embeddable":true,"href":"https:\/\/umayalighting.com\/es\/wp-json\/wp\/v2\/product_tag?post=6370"}],"curies":[{"name":"wp","href":"https:\/\/api.w.org\/{rel}","templated":true}]}}