{"id":6371,"date":"2023-04-24T04:12:27","date_gmt":"2023-04-24T00:12:27","guid":{"rendered":"https:\/\/umayalighting.com\/projects\/hotel-residencias-rosemont\/"},"modified":"2023-09-16T16:40:55","modified_gmt":"2023-09-16T12:40:55","slug":"rosemont-hotel-residences","status":"publish","type":"product","link":"https:\/\/umayalighting.com\/es\/projects\/rosemont-hotel-residences\/","title":{"rendered":"Hotel &amp; Residencias Rosemont"},"content":{"rendered":"<p>El concepto de iluminaci\u00f3n de fachada se bas\u00f3 en las distintas propiedades del agua, m\u00e1s espec\u00edficamente su color, reflexi\u00f3n, fluidez y efecto calmante. Estas caracter\u00edsticas se integraron en el esquema de iluminaci\u00f3n de diferentes formas, logrando un dise\u00f1o consistente, tranquilizante y atractivo.<\/p>\n<p>Se emplearon variadas estrategias de iluminaci\u00f3n con el uso de la tecnolog\u00eda LED, incluyendo iluminaci\u00f3n oculta, directa y din\u00e1mica, adem\u00e1s de una pantalla urbana. La idea central fue crear una experiencia sin par para hu\u00e9spedes, residentes y transe\u00fantes. Este enfoque de iluminaci\u00f3n \u00fanico permiti\u00f3 que las torres se destaquen de sus vecinos, convirti\u00e9ndose en un hito en la ciudad.<\/p>\n","protected":false},"excerpt":{"rendered":"<p>UBICACI\u00d3N: DUBAI, EMIRATOS \u00c1RABES UNIDOS<br \/>\nUSO: HOTELER\u00cdA &#8211; GRAN ALTURA<br \/>\nALCANCE: DISE\u00d1O LUM\u00cdNICO DE FACHADA<\/p>\n","protected":false},"featured_media":5022,"comment_status":"closed","ping_status":"closed","template":"","meta":{"_acf_changed":false},"product_brand":[],"product_cat":[108],"product_tag":[],"class_list":{"0":"post-6371","1":"product","2":"type-product","3":"status-publish","4":"has-post-thumbnail","6":"product_cat-proyectos","8":"first","9":"instock","10":"shipping-taxable","11":"product-type-simple"},"acf":[],"_links":{"self":[{"href":"https:\/\/umayalighting.com\/es\/wp-json\/wp\/v2\/product\/6371","targetHints":{"allow":["GET"]}}],"collection":[{"href":"https:\/\/umayalighting.com\/es\/wp-json\/wp\/v2\/product"}],"about":[{"href":"https:\/\/umayalighting.com\/es\/wp-json\/wp\/v2\/types\/product"}],"replies":[{"embeddable":true,"href":"https:\/\/umayalighting.com\/es\/wp-json\/wp\/v2\/comments?post=6371"}],"wp:featuredmedia":[{"embeddable":true,"href":"https:\/\/umayalighting.com\/es\/wp-json\/wp\/v2\/media\/5022"}],"wp:attachment":[{"href":"https:\/\/umayalighting.com\/es\/wp-json\/wp\/v2\/media?parent=6371"}],"wp:term":[{"taxonomy":"product_brand","embeddable":true,"href":"https:\/\/umayalighting.com\/es\/wp-json\/wp\/v2\/product_brand?post=6371"},{"taxonomy":"product_cat","embeddable":true,"href":"https:\/\/umayalighting.com\/es\/wp-json\/wp\/v2\/product_cat?post=6371"},{"taxonomy":"product_tag","embeddable":true,"href":"https:\/\/umayalighting.com\/es\/wp-json\/wp\/v2\/product_tag?post=6371"}],"curies":[{"name":"wp","href":"https:\/\/api.w.org\/{rel}","templated":true}]}}