{"id":6372,"date":"2023-04-24T04:07:51","date_gmt":"2023-04-24T00:07:51","guid":{"rendered":"https:\/\/umayalighting.com\/projects\/palacio-real\/"},"modified":"2023-09-16T16:40:56","modified_gmt":"2023-09-16T12:40:56","slug":"royal-palace","status":"publish","type":"product","link":"https:\/\/umayalighting.com\/es\/projects\/royal-palace\/","title":{"rendered":"Palacio Real"},"content":{"rendered":"<p>Ubicada en una gran monta\u00f1a en T\u00e1nger con vista al Oc\u00e9ano Atl\u00e1ntico, esta residencia privada es una hermosa mezcla de estilo tradicional marroqu\u00ed y arquitectura contempor\u00e1nea. Aunque las actividades realizadas dentro de este complejo son diversas y, a su vez, tambi\u00e9n lo son los edificios en t\u00e9rminos de proporciones y ubicaci\u00f3n, el enfoque de iluminaci\u00f3n se mantuvo constante a lo largo de todo el proyecto. En consecuencia, UMAYA desarroll\u00f3 una \u00abpriorizaci\u00f3n de iluminaci\u00f3n\u00bb para cada edificio individual teniendo en cuenta la ubicaci\u00f3n respectiva dentro del complejo general, sin mencionar el uso previsto.<\/p>\n<p>Nuestra estrategia de dise\u00f1o de iluminaci\u00f3n consisti\u00f3 en (i) resaltar el vocabulario de la arquitectura y (ii) complementarlo con la iluminaci\u00f3n ambiental general.<\/p>\n<p>El arco marroqu\u00ed es una delicada combinaci\u00f3n de una estructura curvada con m\u00faltiples l\u00e1minas estampadas y la capacidad cubrir importantes espacios volum\u00e9tricos. El lavado c\u00e1lido de las superficies internas del arco fue complejo, al igual que el ba\u00f1ado de las texturas en ellos. Nuestro objetivo fue evitar cualquier derrame de luz sobre las superficies adyacentes, como estrategia clave para mejorar el contraste entre los m\u00faltiples elementos arquitect\u00f3nicos, aumentando el impacto visual en el observador. Los motivos florales (Arabescos) se ba\u00f1aron suavemente permitiendo que las formas geom\u00e9tricas tomaran una posici\u00f3n sutil, pero atractiva, dentro de la configuraci\u00f3n nocturna.<\/p>\n<p>El alicatado de Zellige en la parte superior fue otro componente visual que se destac\u00f3 adecuadamente para remarcar los l\u00edmites del edificio. La conexi\u00f3n visual entre los elementos arquitect\u00f3nicos es equilibrada y la transici\u00f3n entre sombras es suave y atractiva. El cuidado al establecer los ratios de contraste permiti\u00f3 armonizar la exposici\u00f3n de los elementos y lograr un ambiente acogedor.<\/p>\n","protected":false},"excerpt":{"rendered":"<p>UBICACI\u00d3N: T\u00e1nger, Marruecos<br \/>\nUSO: RESIDENCIAL<br \/>\nALCANCE: DISE\u00d1O LUM\u00cdNICO DE FACHADA<\/p>\n","protected":false},"featured_media":4875,"comment_status":"closed","ping_status":"closed","template":"","meta":{"_acf_changed":false},"product_brand":[],"product_cat":[108],"product_tag":[],"class_list":{"0":"post-6372","1":"product","2":"type-product","3":"status-publish","4":"has-post-thumbnail","6":"product_cat-proyectos","8":"first","9":"instock","10":"shipping-taxable","11":"product-type-simple"},"acf":[],"_links":{"self":[{"href":"https:\/\/umayalighting.com\/es\/wp-json\/wp\/v2\/product\/6372","targetHints":{"allow":["GET"]}}],"collection":[{"href":"https:\/\/umayalighting.com\/es\/wp-json\/wp\/v2\/product"}],"about":[{"href":"https:\/\/umayalighting.com\/es\/wp-json\/wp\/v2\/types\/product"}],"replies":[{"embeddable":true,"href":"https:\/\/umayalighting.com\/es\/wp-json\/wp\/v2\/comments?post=6372"}],"wp:featuredmedia":[{"embeddable":true,"href":"https:\/\/umayalighting.com\/es\/wp-json\/wp\/v2\/media\/4875"}],"wp:attachment":[{"href":"https:\/\/umayalighting.com\/es\/wp-json\/wp\/v2\/media?parent=6372"}],"wp:term":[{"taxonomy":"product_brand","embeddable":true,"href":"https:\/\/umayalighting.com\/es\/wp-json\/wp\/v2\/product_brand?post=6372"},{"taxonomy":"product_cat","embeddable":true,"href":"https:\/\/umayalighting.com\/es\/wp-json\/wp\/v2\/product_cat?post=6372"},{"taxonomy":"product_tag","embeddable":true,"href":"https:\/\/umayalighting.com\/es\/wp-json\/wp\/v2\/product_tag?post=6372"}],"curies":[{"name":"wp","href":"https:\/\/api.w.org\/{rel}","templated":true}]}}