{"id":6373,"date":"2023-04-24T04:25:28","date_gmt":"2023-04-24T00:25:28","guid":{"rendered":"https:\/\/umayalighting.com\/projects\/spa-real\/"},"modified":"2023-09-16T16:40:56","modified_gmt":"2023-09-16T12:40:56","slug":"royal-spa","status":"publish","type":"product","link":"https:\/\/umayalighting.com\/es\/projects\/royal-spa\/","title":{"rendered":"Spa Real"},"content":{"rendered":"<p>Este singular edificio fue dise\u00f1ado como un spa de lujo. Su dise\u00f1o arquitect\u00f3nico, que combina patios, c\u00fapulas y elegantes pantallas artesanales, provee al edificio de un aura de misterio y tiempos remotos. Esto fue exactamente lo que intentamos capturar al desarrollar el dise\u00f1o de iluminaci\u00f3n.<\/p>\n<p>Nuestra principal preocupaci\u00f3n fue integrar la i luminaci\u00f3n con la arquitectura, para dar la idea de que la luz es emitida por el edificio en s\u00ed, y no proyectada sobre \u00e9l. Detal les cuidadosamente dise\u00f1ados y una estrecha coordinaci\u00f3n entre arquitectos y nuestro equipo nos permiti\u00f3 lograr esto. El resultado es una atractiva pieza de arquitectura, que es tan funcional como inspiradora.<\/p>\n","protected":false},"excerpt":{"rendered":"<p>UBICACI\u00d3N: DUBAI, EMIRATOS \u00c1RABES UNIDOS<br \/>\nUSO: HOTELER\u00cdA<br \/>\nALCANCE: DISE\u00d1O LUM\u00cdNICO DE INTERIORES, EXTERIORES &amp; FACHADA<\/p>\n","protected":false},"featured_media":9044,"comment_status":"closed","ping_status":"closed","template":"","meta":{"_acf_changed":false},"product_brand":[],"product_cat":[108],"product_tag":[],"class_list":{"0":"post-6373","1":"product","2":"type-product","3":"status-publish","4":"has-post-thumbnail","6":"product_cat-proyectos","8":"first","9":"instock","10":"shipping-taxable","11":"product-type-simple"},"acf":[],"_links":{"self":[{"href":"https:\/\/umayalighting.com\/es\/wp-json\/wp\/v2\/product\/6373","targetHints":{"allow":["GET"]}}],"collection":[{"href":"https:\/\/umayalighting.com\/es\/wp-json\/wp\/v2\/product"}],"about":[{"href":"https:\/\/umayalighting.com\/es\/wp-json\/wp\/v2\/types\/product"}],"replies":[{"embeddable":true,"href":"https:\/\/umayalighting.com\/es\/wp-json\/wp\/v2\/comments?post=6373"}],"wp:featuredmedia":[{"embeddable":true,"href":"https:\/\/umayalighting.com\/es\/wp-json\/wp\/v2\/media\/9044"}],"wp:attachment":[{"href":"https:\/\/umayalighting.com\/es\/wp-json\/wp\/v2\/media?parent=6373"}],"wp:term":[{"taxonomy":"product_brand","embeddable":true,"href":"https:\/\/umayalighting.com\/es\/wp-json\/wp\/v2\/product_brand?post=6373"},{"taxonomy":"product_cat","embeddable":true,"href":"https:\/\/umayalighting.com\/es\/wp-json\/wp\/v2\/product_cat?post=6373"},{"taxonomy":"product_tag","embeddable":true,"href":"https:\/\/umayalighting.com\/es\/wp-json\/wp\/v2\/product_tag?post=6373"}],"curies":[{"name":"wp","href":"https:\/\/api.w.org\/{rel}","templated":true}]}}