{"id":6374,"date":"2023-04-24T04:05:25","date_gmt":"2023-04-24T00:05:25","guid":{"rendered":"https:\/\/umayalighting.com\/projects\/hotel-santa-maria\/"},"modified":"2023-09-16T16:40:56","modified_gmt":"2023-09-16T12:40:56","slug":"santa-maria-hotel","status":"publish","type":"product","link":"https:\/\/umayalighting.com\/es\/projects\/santa-maria-hotel\/","title":{"rendered":"Hotel Santa Mar\u00eda"},"content":{"rendered":"<p>El Santa Maria Hotel and Golf Resort es parte de The Luxury Collection by Starwood Hotels y el primer proyecto hotelero de UMAYA en Am\u00e9rica Central.<\/p>\n<p>El nuevo hotel cuenta con 182 lujosas habitaciones y suites con elementos aut\u00e9nticos de dise\u00f1o paname\u00f1o, como ser mantas tradicionales de Mola para adornar las camas, cestas hechas a mano por la comunidad Embera y madera extra\u00edda de la profundidad del lago Gat\u00fan. El Santa Maria ofrece impresionantes vistas de la ciudad y campos de golf, dos restaurantes, un spa de \u00faltima generaci\u00f3n, un gimnasio, una piscina al aire libre y excepcionales espacios de reuni\u00f3n y eventos.<\/p>\n<p>UMAYA fue encomendado para desarrollar el dise\u00f1o de iluminaci\u00f3n de las \u00e1reas p\u00fablicas interiores, adem\u00e1s del esquema de iluminaci\u00f3n de fachadas. Este fue un esfuerzo conjunto entre nuestras oficinas en Dubai y Am\u00e9rica Latina, siguiendo nuestra filosof\u00eda de combinar dise\u00f1o global con experiencia local.<\/p>\n","protected":false},"excerpt":{"rendered":"<p>UBICACI\u00d3N: Ciudad de Panam\u00e1, Panam\u00e1<br \/>\nUSO: HOTELER\u00cdA<br \/>\nALCANCE: DISE\u00d1O LUM\u00cdNICO DE INTERIORES &amp; FACHADA<\/p>\n","protected":false},"featured_media":9549,"comment_status":"closed","ping_status":"closed","template":"","meta":{"_acf_changed":false},"product_brand":[],"product_cat":[108],"product_tag":[],"class_list":{"0":"post-6374","1":"product","2":"type-product","3":"status-publish","4":"has-post-thumbnail","6":"product_cat-proyectos","8":"first","9":"instock","10":"shipping-taxable","11":"product-type-simple"},"acf":[],"_links":{"self":[{"href":"https:\/\/umayalighting.com\/es\/wp-json\/wp\/v2\/product\/6374","targetHints":{"allow":["GET"]}}],"collection":[{"href":"https:\/\/umayalighting.com\/es\/wp-json\/wp\/v2\/product"}],"about":[{"href":"https:\/\/umayalighting.com\/es\/wp-json\/wp\/v2\/types\/product"}],"replies":[{"embeddable":true,"href":"https:\/\/umayalighting.com\/es\/wp-json\/wp\/v2\/comments?post=6374"}],"wp:featuredmedia":[{"embeddable":true,"href":"https:\/\/umayalighting.com\/es\/wp-json\/wp\/v2\/media\/9549"}],"wp:attachment":[{"href":"https:\/\/umayalighting.com\/es\/wp-json\/wp\/v2\/media?parent=6374"}],"wp:term":[{"taxonomy":"product_brand","embeddable":true,"href":"https:\/\/umayalighting.com\/es\/wp-json\/wp\/v2\/product_brand?post=6374"},{"taxonomy":"product_cat","embeddable":true,"href":"https:\/\/umayalighting.com\/es\/wp-json\/wp\/v2\/product_cat?post=6374"},{"taxonomy":"product_tag","embeddable":true,"href":"https:\/\/umayalighting.com\/es\/wp-json\/wp\/v2\/product_tag?post=6374"}],"curies":[{"name":"wp","href":"https:\/\/api.w.org\/{rel}","templated":true}]}}