{"id":6375,"date":"2023-04-24T04:23:24","date_gmt":"2023-04-24T00:23:24","guid":{"rendered":"https:\/\/umayalighting.com\/projects\/sede-de-sca\/"},"modified":"2023-09-16T16:40:56","modified_gmt":"2023-09-16T12:40:56","slug":"sca-headquarters","status":"publish","type":"product","link":"https:\/\/umayalighting.com\/es\/projects\/sca-headquarters\/","title":{"rendered":"Sede de SCA"},"content":{"rendered":"<p>El esquema lum\u00ednico sencillo y contempor\u00e1neo se centra en el lenguaje volum\u00e9trico y los detalles arquitect\u00f3nicos.<\/p>\n<p>Las columnas y paredes en planta baja se iluminan para revelar su forma y marcar el per\u00edmetro del edificio.<\/p>\n<p>Se realiz\u00f3 un fuerte \u00e9nfasis en los detalles arquitect\u00f3nicos particulares; iluminaci\u00f3n lineal para los perfiles horizontales, ba\u00f1ado de luz en el techo de la terraza, acento en la p\u00e9rgola del techo y un alto contraste en el \u00e1rbol de la terraza. Todos ellos permiten que el edificio se diferencie de la arquitectura circundante.<\/p>\n<p>Finalmente, se introduce un concepto adicional; brillantes puntos blancos transforman la fachada frontal del auditorio en una pantalla urbana, comunicando al exterior lo que ocurre dentro del edificio.<\/p>\n","protected":false},"excerpt":{"rendered":"<p>UBICACI\u00d3N: DUBAI, EMIRATOS \u00c1RABES UNIDOS<br \/>\nUSO: GUBERNAMENTAL &#8211; Oficinas &amp; Corporativo<br \/>\nALCANCE: DISE\u00d1O LUM\u00cdNICO DE FACHADA<\/p>\n","protected":false},"featured_media":9500,"comment_status":"closed","ping_status":"closed","template":"","meta":{"_acf_changed":false},"product_brand":[],"product_cat":[108],"product_tag":[],"class_list":{"0":"post-6375","1":"product","2":"type-product","3":"status-publish","4":"has-post-thumbnail","6":"product_cat-proyectos","8":"first","9":"instock","10":"shipping-taxable","11":"product-type-simple"},"acf":[],"_links":{"self":[{"href":"https:\/\/umayalighting.com\/es\/wp-json\/wp\/v2\/product\/6375","targetHints":{"allow":["GET"]}}],"collection":[{"href":"https:\/\/umayalighting.com\/es\/wp-json\/wp\/v2\/product"}],"about":[{"href":"https:\/\/umayalighting.com\/es\/wp-json\/wp\/v2\/types\/product"}],"replies":[{"embeddable":true,"href":"https:\/\/umayalighting.com\/es\/wp-json\/wp\/v2\/comments?post=6375"}],"wp:featuredmedia":[{"embeddable":true,"href":"https:\/\/umayalighting.com\/es\/wp-json\/wp\/v2\/media\/9500"}],"wp:attachment":[{"href":"https:\/\/umayalighting.com\/es\/wp-json\/wp\/v2\/media?parent=6375"}],"wp:term":[{"taxonomy":"product_brand","embeddable":true,"href":"https:\/\/umayalighting.com\/es\/wp-json\/wp\/v2\/product_brand?post=6375"},{"taxonomy":"product_cat","embeddable":true,"href":"https:\/\/umayalighting.com\/es\/wp-json\/wp\/v2\/product_cat?post=6375"},{"taxonomy":"product_tag","embeddable":true,"href":"https:\/\/umayalighting.com\/es\/wp-json\/wp\/v2\/product_tag?post=6375"}],"curies":[{"name":"wp","href":"https:\/\/api.w.org\/{rel}","templated":true}]}}