{"id":6376,"date":"2023-04-24T04:02:04","date_gmt":"2023-04-24T00:02:04","guid":{"rendered":"https:\/\/umayalighting.com\/projects\/sel-miel\/"},"modified":"2023-09-16T16:40:56","modified_gmt":"2023-09-16T12:40:56","slug":"sel-miel","status":"publish","type":"product","link":"https:\/\/umayalighting.com\/es\/projects\/sel-miel\/","title":{"rendered":"Sel &amp; Miel"},"content":{"rendered":"<p>El esquema de iluminaci\u00f3n en este exclusivo restaurant tuvo como objetivo mejorar la experiencia gastron\u00f3mica a trav\u00e9s de una variedad de diferentes capas de iluminaci\u00f3n. Se observa una temperatura de color m\u00e1s fr\u00eda, la cual complementa los acabados claros y proyecta un ambiente ceremonioso.<\/p>\n<p>La primera capa est\u00e1 compuesta por la iluminaci\u00f3n de tareas. Los downlights empotrados orientados hacia las mesas brindan suficiente iluminaci\u00f3n y reducen cualquier posibilidad de derrames de luz. El mostrador y la mesa del chef eran dos espacios clave donde se utiliz\u00f3 una interesante combinaci\u00f3n de luminarias decorativas y gargantas de luz.<\/p>\n<p>La segunda capa comprende los elementos en vertical y la carpinter\u00eda con iluminaci\u00f3n indirecta. Los elementos en vertical captan la atenci\u00f3n del hu\u00e9sped y realzan la ambientaci\u00f3n general del espacio, mientras que la iluminaci\u00f3n de carpinter\u00eda proporciona la luz necesaria en la barra evitando cualquier tipo de desorden est\u00e9tico. Los apliques decorativos de pared y las l\u00e1mparas de mesa forman la tercera capa, proporcionando iluminaci\u00f3n de baja altura y una sensaci\u00f3n de intimidad adicional al espacio.<\/p>\n","protected":false},"excerpt":{"rendered":"<p>UBICACI\u00d3N: Doha, Qatar<br \/>\nUSO: GASTRONOM\u00cdA<br \/>\nALCANCE: DISE\u00d1O LUM\u00cdNICO DE INTERIORES<\/p>\n","protected":false},"featured_media":4707,"comment_status":"closed","ping_status":"closed","template":"","meta":{"_acf_changed":false},"product_brand":[],"product_cat":[108],"product_tag":[],"class_list":{"0":"post-6376","1":"product","2":"type-product","3":"status-publish","4":"has-post-thumbnail","6":"product_cat-proyectos","8":"first","9":"instock","10":"shipping-taxable","11":"product-type-simple"},"acf":[],"_links":{"self":[{"href":"https:\/\/umayalighting.com\/es\/wp-json\/wp\/v2\/product\/6376","targetHints":{"allow":["GET"]}}],"collection":[{"href":"https:\/\/umayalighting.com\/es\/wp-json\/wp\/v2\/product"}],"about":[{"href":"https:\/\/umayalighting.com\/es\/wp-json\/wp\/v2\/types\/product"}],"replies":[{"embeddable":true,"href":"https:\/\/umayalighting.com\/es\/wp-json\/wp\/v2\/comments?post=6376"}],"wp:featuredmedia":[{"embeddable":true,"href":"https:\/\/umayalighting.com\/es\/wp-json\/wp\/v2\/media\/4707"}],"wp:attachment":[{"href":"https:\/\/umayalighting.com\/es\/wp-json\/wp\/v2\/media?parent=6376"}],"wp:term":[{"taxonomy":"product_brand","embeddable":true,"href":"https:\/\/umayalighting.com\/es\/wp-json\/wp\/v2\/product_brand?post=6376"},{"taxonomy":"product_cat","embeddable":true,"href":"https:\/\/umayalighting.com\/es\/wp-json\/wp\/v2\/product_cat?post=6376"},{"taxonomy":"product_tag","embeddable":true,"href":"https:\/\/umayalighting.com\/es\/wp-json\/wp\/v2\/product_tag?post=6376"}],"curies":[{"name":"wp","href":"https:\/\/api.w.org\/{rel}","templated":true}]}}