{"id":6378,"date":"2023-04-24T03:58:11","date_gmt":"2023-04-23T23:58:11","guid":{"rendered":"https:\/\/umayalighting.com\/projects\/desarollo-shurooq\/"},"modified":"2023-09-16T16:40:56","modified_gmt":"2023-09-16T12:40:56","slug":"shurooq-development","status":"publish","type":"product","link":"https:\/\/umayalighting.com\/es\/projects\/shurooq-development\/","title":{"rendered":"Desarollo Shurooq"},"content":{"rendered":"<p>La actualizaci\u00f3n y mejora de la iluminaci\u00f3n para este desarrollo residencial y comercial de 750,000m\u00b2 incluy\u00f3 toda la iluminaci\u00f3n de calles y espacios p\u00fablicos. El estudio comenz\u00f3 con un relevamiento del sitio para identificar los problemas existentes y producir un paquete de documentaci\u00f3n de iluminaci\u00f3n actualizado, incluyendo el inventario de luminarias. La soluci\u00f3n propuesta para el esquema deficiente de alumbrado p\u00fablico se bas\u00f3 principalmente en la modernizaci\u00f3n de los postes de alumbrado existentes, para cumplir con los est\u00e1ndares de alumbrado vial de IESNA pero minimizando su costo y maximizando el retorno sobre la inversi\u00f3n. El resultado final fue un aumento del 65% en los niveles promedio de iluminaci\u00f3n, una mayor uniformidad y un 32% de ahorro energ\u00e9tico.<\/p>\n","protected":false},"excerpt":{"rendered":"<p>UBICACI\u00d3N: DUBAI, EMIRATOS \u00c1RABES UNIDOS<br \/>\nUSO: URBANO &amp; COMUNIDADES<br \/>\nALCANCE: DISE\u00d1O LUM\u00cdNICO DE ESPACIOS P\u00daBLICOS<\/p>\n","protected":false},"featured_media":9373,"comment_status":"closed","ping_status":"closed","template":"","meta":{"_acf_changed":false},"product_brand":[],"product_cat":[108],"product_tag":[],"class_list":{"0":"post-6378","1":"product","2":"type-product","3":"status-publish","4":"has-post-thumbnail","6":"product_cat-proyectos","8":"first","9":"instock","10":"shipping-taxable","11":"product-type-simple"},"acf":[],"_links":{"self":[{"href":"https:\/\/umayalighting.com\/es\/wp-json\/wp\/v2\/product\/6378","targetHints":{"allow":["GET"]}}],"collection":[{"href":"https:\/\/umayalighting.com\/es\/wp-json\/wp\/v2\/product"}],"about":[{"href":"https:\/\/umayalighting.com\/es\/wp-json\/wp\/v2\/types\/product"}],"replies":[{"embeddable":true,"href":"https:\/\/umayalighting.com\/es\/wp-json\/wp\/v2\/comments?post=6378"}],"wp:featuredmedia":[{"embeddable":true,"href":"https:\/\/umayalighting.com\/es\/wp-json\/wp\/v2\/media\/9373"}],"wp:attachment":[{"href":"https:\/\/umayalighting.com\/es\/wp-json\/wp\/v2\/media?parent=6378"}],"wp:term":[{"taxonomy":"product_brand","embeddable":true,"href":"https:\/\/umayalighting.com\/es\/wp-json\/wp\/v2\/product_brand?post=6378"},{"taxonomy":"product_cat","embeddable":true,"href":"https:\/\/umayalighting.com\/es\/wp-json\/wp\/v2\/product_cat?post=6378"},{"taxonomy":"product_tag","embeddable":true,"href":"https:\/\/umayalighting.com\/es\/wp-json\/wp\/v2\/product_tag?post=6378"}],"curies":[{"name":"wp","href":"https:\/\/api.w.org\/{rel}","templated":true}]}}