{"id":6379,"date":"2023-04-24T03:51:13","date_gmt":"2023-04-23T23:51:13","guid":{"rendered":"https:\/\/umayalighting.com\/projects\/six-flags-qiddiya\/"},"modified":"2023-09-16T16:40:57","modified_gmt":"2023-09-16T12:40:57","slug":"six-flags-qiddiya","status":"publish","type":"product","link":"https:\/\/umayalighting.com\/es\/projects\/six-flags-qiddiya\/","title":{"rendered":"Six Flags Qiddiya"},"content":{"rendered":"<p>El parque tem\u00e1tico cubrir\u00e1 un \u00e1rea total de 320.000 metros cuadrados y tendr\u00e1 un nivel de tematizaci\u00f3n y detalle nunca visto en ning\u00fan otro Six Flags del mundo. Contar\u00e1 con 28 atracciones, de las cuales 10 ser\u00e1n vertiginosas, con 18 juegos dise\u00f1ados para familias y ni\u00f1os peque\u00f1os. Todos los juegos y atracciones han sido dise\u00f1ados exclusivamente para Qiddiya y encarnan el rico patrimonio cultural del lugar y de Arabia Saudita.<\/p>\n<p>El nodo central del parque ser\u00e1 la Ciudadela, que estar\u00e1 cubierta por un dosel ondulante inspirado en las tradicionales tiendas beduinas. Desde aqu\u00ed, los visitantes encontrar\u00e1n puertas de entrada a cada una de las tierras tem\u00e1ticas; a saber, la Ciudad de las Emociones, Discovery Springs, Steam Town, Twilight Gardens, Valley of Fortune y Grand Exposition.<\/p>\n<p>El equipo de dise\u00f1o de iluminaci\u00f3n de Gallegos Lighting Design y UMAYA fue responsable de crear la experiencia de iluminaci\u00f3n interior y exterior para todos los espacios y atracciones visibles para los visitantes.<\/p>\n<p>Fuente: <a href=\"https:\/\/content.sixflags.com\/qiddiya\/\">https:\/\/content.sixflags.com\/qiddiya\/<\/a><\/p>\n","protected":false},"excerpt":{"rendered":"<p>UBICACI\u00d3N: QIDDIYA, ARABIA SAUDITA<br \/>\nUSO: INMERSIVO &amp; ENTRETENIMIENTO<br \/>\nALCANCE: DISENO LUMINICO DE INTERIORES &amp; EXTERIORES \u2013 EXPERIENCIA DEL HUESPED<\/p>\n","protected":false},"featured_media":4561,"comment_status":"closed","ping_status":"closed","template":"","meta":{"_acf_changed":false},"product_brand":[],"product_cat":[108],"product_tag":[],"class_list":{"0":"post-6379","1":"product","2":"type-product","3":"status-publish","4":"has-post-thumbnail","6":"product_cat-proyectos","8":"first","9":"instock","10":"shipping-taxable","11":"product-type-simple"},"acf":[],"_links":{"self":[{"href":"https:\/\/umayalighting.com\/es\/wp-json\/wp\/v2\/product\/6379","targetHints":{"allow":["GET"]}}],"collection":[{"href":"https:\/\/umayalighting.com\/es\/wp-json\/wp\/v2\/product"}],"about":[{"href":"https:\/\/umayalighting.com\/es\/wp-json\/wp\/v2\/types\/product"}],"replies":[{"embeddable":true,"href":"https:\/\/umayalighting.com\/es\/wp-json\/wp\/v2\/comments?post=6379"}],"wp:featuredmedia":[{"embeddable":true,"href":"https:\/\/umayalighting.com\/es\/wp-json\/wp\/v2\/media\/4561"}],"wp:attachment":[{"href":"https:\/\/umayalighting.com\/es\/wp-json\/wp\/v2\/media?parent=6379"}],"wp:term":[{"taxonomy":"product_brand","embeddable":true,"href":"https:\/\/umayalighting.com\/es\/wp-json\/wp\/v2\/product_brand?post=6379"},{"taxonomy":"product_cat","embeddable":true,"href":"https:\/\/umayalighting.com\/es\/wp-json\/wp\/v2\/product_cat?post=6379"},{"taxonomy":"product_tag","embeddable":true,"href":"https:\/\/umayalighting.com\/es\/wp-json\/wp\/v2\/product_tag?post=6379"}],"curies":[{"name":"wp","href":"https:\/\/api.w.org\/{rel}","templated":true}]}}