{"id":6380,"date":"2023-04-24T03:59:11","date_gmt":"2023-04-23T23:59:11","guid":{"rendered":"https:\/\/umayalighting.com\/projects\/residencias-somerset\/"},"modified":"2023-09-16T16:40:57","modified_gmt":"2023-09-16T12:40:57","slug":"somerset-serviced-residences","status":"publish","type":"product","link":"https:\/\/umayalighting.com\/es\/projects\/somerset-serviced-residences\/","title":{"rendered":"Residencias Somerset"},"content":{"rendered":"<p>Inspirado en el casco antiguo de Jeddah (Al-Balad), la intenci\u00f3n del dise\u00f1o de iluminaci\u00f3n de la fachada se centr\u00f3 en representar el valor patrimonial de la ciudad y reflejar la autenticidad del edificio. El esquema de iluminaci\u00f3n tuvo como objetivo crear un efecto sutil pero inesperado durante la noche. Del mismo modo que la arquitectura sorprende por su dise\u00f1o contempor\u00e1neo, la iluminaci\u00f3n de fachada impresiona a los visitantes al ponerse el sol.<\/p>\n","protected":false},"excerpt":{"rendered":"<p>UBICACI\u00d3N: YEDA, ARABIA SAUDITA<br \/>\nUSO: HOTELER\u00cdA<br \/>\nALCANCE: DISE\u00d1O LUM\u00cdNICO DE FACHADA<\/p>\n","protected":false},"featured_media":9312,"comment_status":"closed","ping_status":"closed","template":"","meta":{"_acf_changed":false},"product_brand":[],"product_cat":[108],"product_tag":[],"class_list":{"0":"post-6380","1":"product","2":"type-product","3":"status-publish","4":"has-post-thumbnail","6":"product_cat-proyectos","8":"first","9":"instock","10":"shipping-taxable","11":"product-type-simple"},"acf":[],"_links":{"self":[{"href":"https:\/\/umayalighting.com\/es\/wp-json\/wp\/v2\/product\/6380","targetHints":{"allow":["GET"]}}],"collection":[{"href":"https:\/\/umayalighting.com\/es\/wp-json\/wp\/v2\/product"}],"about":[{"href":"https:\/\/umayalighting.com\/es\/wp-json\/wp\/v2\/types\/product"}],"replies":[{"embeddable":true,"href":"https:\/\/umayalighting.com\/es\/wp-json\/wp\/v2\/comments?post=6380"}],"wp:featuredmedia":[{"embeddable":true,"href":"https:\/\/umayalighting.com\/es\/wp-json\/wp\/v2\/media\/9312"}],"wp:attachment":[{"href":"https:\/\/umayalighting.com\/es\/wp-json\/wp\/v2\/media?parent=6380"}],"wp:term":[{"taxonomy":"product_brand","embeddable":true,"href":"https:\/\/umayalighting.com\/es\/wp-json\/wp\/v2\/product_brand?post=6380"},{"taxonomy":"product_cat","embeddable":true,"href":"https:\/\/umayalighting.com\/es\/wp-json\/wp\/v2\/product_cat?post=6380"},{"taxonomy":"product_tag","embeddable":true,"href":"https:\/\/umayalighting.com\/es\/wp-json\/wp\/v2\/product_tag?post=6380"}],"curies":[{"name":"wp","href":"https:\/\/api.w.org\/{rel}","templated":true}]}}