{"id":6381,"date":"2023-04-24T04:09:56","date_gmt":"2023-04-24T00:09:56","guid":{"rendered":"https:\/\/umayalighting.com\/projects\/souk-al-bahar\/"},"modified":"2023-09-16T16:40:57","modified_gmt":"2023-09-16T12:40:57","slug":"souk-al-bahar","status":"publish","type":"product","link":"https:\/\/umayalighting.com\/es\/projects\/souk-al-bahar\/","title":{"rendered":"Souk Al Bahar"},"content":{"rendered":"<p>La iluminaci\u00f3n existente de este centro comercial tem\u00e1tico de un mercado tradicional era incongruente con su arquitectura y ubicaci\u00f3n privilegiada. Con niveles de iluminaci\u00f3n extremadamente bajos, efectos manchados, variaciones en temperaturas de color y falta de iluminaci\u00f3n vertical, la sensaci\u00f3n general era de oscuridad y abandono.<\/p>\n<p>Nuestro plan de mejora de iluminaci\u00f3n incluy\u00f3 el reemplazo de ciertas luminarias t\u00e9cnicas por artefactos m\u00e1s eficientes, con el fin de aumentar los niveles de iluminaci\u00f3n vertical y uniformidad, a la vez que reducir la carga el\u00e9ctrica total. Adicionalmente, todas los luminarias decorativas fueron re-equipadas con l\u00e1mparas LED, haci\u00e9ndolas m\u00e1s prominentes y visibles en el espacio.<\/p>\n","protected":false},"excerpt":{"rendered":"<p>UBICACI\u00d3N: DUBAI, EMIRATOS \u00c1RABES UNIDOS<br \/>\nUSO: Malls &amp; Retail<br \/>\nALCANCE: MEJORA LUM\u00cdNICA DE INTERIORES<\/p>\n","protected":false},"featured_media":9040,"comment_status":"closed","ping_status":"closed","template":"","meta":{"_acf_changed":false},"product_brand":[],"product_cat":[108],"product_tag":[],"class_list":{"0":"post-6381","1":"product","2":"type-product","3":"status-publish","4":"has-post-thumbnail","6":"product_cat-proyectos","8":"first","9":"instock","10":"shipping-taxable","11":"product-type-simple"},"acf":[],"_links":{"self":[{"href":"https:\/\/umayalighting.com\/es\/wp-json\/wp\/v2\/product\/6381","targetHints":{"allow":["GET"]}}],"collection":[{"href":"https:\/\/umayalighting.com\/es\/wp-json\/wp\/v2\/product"}],"about":[{"href":"https:\/\/umayalighting.com\/es\/wp-json\/wp\/v2\/types\/product"}],"replies":[{"embeddable":true,"href":"https:\/\/umayalighting.com\/es\/wp-json\/wp\/v2\/comments?post=6381"}],"wp:featuredmedia":[{"embeddable":true,"href":"https:\/\/umayalighting.com\/es\/wp-json\/wp\/v2\/media\/9040"}],"wp:attachment":[{"href":"https:\/\/umayalighting.com\/es\/wp-json\/wp\/v2\/media?parent=6381"}],"wp:term":[{"taxonomy":"product_brand","embeddable":true,"href":"https:\/\/umayalighting.com\/es\/wp-json\/wp\/v2\/product_brand?post=6381"},{"taxonomy":"product_cat","embeddable":true,"href":"https:\/\/umayalighting.com\/es\/wp-json\/wp\/v2\/product_cat?post=6381"},{"taxonomy":"product_tag","embeddable":true,"href":"https:\/\/umayalighting.com\/es\/wp-json\/wp\/v2\/product_tag?post=6381"}],"curies":[{"name":"wp","href":"https:\/\/api.w.org\/{rel}","templated":true}]}}