{"id":6382,"date":"2023-04-24T04:00:01","date_gmt":"2023-04-24T00:00:01","guid":{"rendered":"https:\/\/umayalighting.com\/projects\/souq-7\/"},"modified":"2023-09-16T16:40:57","modified_gmt":"2023-09-16T12:40:57","slug":"souq-7","status":"publish","type":"product","link":"https:\/\/umayalighting.com\/es\/projects\/souq-7\/","title":{"rendered":"Souq 7"},"content":{"rendered":"<p>Este desarrollo comercial abierto est\u00e1 organizado en siete distritos, con una plaza central y \u00e1reas de esparcimiento m\u00e1s peque\u00f1as a lo largo del proyecto. El dise\u00f1o general de iluminaci\u00f3n para la arquitectura se bas\u00f3 en algunas tipolog\u00edas que, combinadas, proporcionaron un car\u00e1cter distintivo a cada distrito.<\/p>\n<p>En una escala urbana, el esquema de dise\u00f1o de iluminaci\u00f3n se centr\u00f3 en crear un entorno consistente y divertido, basado en instalaciones interactivas, proyecciones de gobos, pantallas multimedia y elementos de iluminaci\u00f3n a gran escala.<\/p>\n","protected":false},"excerpt":{"rendered":"<p>UBICACI\u00d3N: YEDA, ARABIA SAUDITA<br \/>\nUSO: malls &amp; retail &#8211; Urbano &amp; Comunidades<br \/>\nALCANCE: DISE\u00d1O LUM\u00cdNICO DE MASTER PLANNING, FACHADA &amp; EVENTO<\/p>\n","protected":false},"featured_media":9326,"comment_status":"closed","ping_status":"closed","template":"","meta":{"_acf_changed":false},"product_brand":[],"product_cat":[108],"product_tag":[],"class_list":{"0":"post-6382","1":"product","2":"type-product","3":"status-publish","4":"has-post-thumbnail","6":"product_cat-proyectos","8":"first","9":"instock","10":"shipping-taxable","11":"product-type-simple"},"acf":[],"_links":{"self":[{"href":"https:\/\/umayalighting.com\/es\/wp-json\/wp\/v2\/product\/6382","targetHints":{"allow":["GET"]}}],"collection":[{"href":"https:\/\/umayalighting.com\/es\/wp-json\/wp\/v2\/product"}],"about":[{"href":"https:\/\/umayalighting.com\/es\/wp-json\/wp\/v2\/types\/product"}],"replies":[{"embeddable":true,"href":"https:\/\/umayalighting.com\/es\/wp-json\/wp\/v2\/comments?post=6382"}],"wp:featuredmedia":[{"embeddable":true,"href":"https:\/\/umayalighting.com\/es\/wp-json\/wp\/v2\/media\/9326"}],"wp:attachment":[{"href":"https:\/\/umayalighting.com\/es\/wp-json\/wp\/v2\/media?parent=6382"}],"wp:term":[{"taxonomy":"product_brand","embeddable":true,"href":"https:\/\/umayalighting.com\/es\/wp-json\/wp\/v2\/product_brand?post=6382"},{"taxonomy":"product_cat","embeddable":true,"href":"https:\/\/umayalighting.com\/es\/wp-json\/wp\/v2\/product_cat?post=6382"},{"taxonomy":"product_tag","embeddable":true,"href":"https:\/\/umayalighting.com\/es\/wp-json\/wp\/v2\/product_tag?post=6382"}],"curies":[{"name":"wp","href":"https:\/\/api.w.org\/{rel}","templated":true}]}}