{"id":6383,"date":"2023-04-24T04:01:38","date_gmt":"2023-04-24T00:01:38","guid":{"rendered":"https:\/\/umayalighting.com\/projects\/tahliya-st-mall\/"},"modified":"2023-09-16T16:40:57","modified_gmt":"2023-09-16T12:40:57","slug":"tahliya-st-mall","status":"publish","type":"product","link":"https:\/\/umayalighting.com\/es\/projects\/tahliya-st-mall\/","title":{"rendered":"Tahliya St. Mall"},"content":{"rendered":"<p>Dada la ubicaci\u00f3n privilegiada de este centro comercial sobre la calle Al-Tahliya en Jeddah, la iluminaci\u00f3n de fachada tuvo que hacer que el edificio se destacara de otros centros comerciales vecinos.<\/p>\n<p>El esquema de iluminaci\u00f3n se clasific\u00f3 en iluminaci\u00f3n de nivel inferior y superior.<\/p>\n<p>El nivel inferior se compone de un suave ba\u00f1ado de paredes con un mecanismo antirreflejo para evitar cualquier molestia por deslumbramiento. El nivel superior consiste en trazos lineales de luz directa difusa que visualmente atan el edificio y brindan una sensaci\u00f3n de unidad. Estos trazos se utilizan como un lienzo donde se muestran m\u00faltiples escenas en diferentes ocasiones a lo largo del a\u00f1o<\/p>\n<p>El alumbrado del estacionamiento fue otro componente clave de nuestra propuesta, donde se implementaron originales postes para dar la sensaci\u00f3n de distinci\u00f3n a este centro comercial de dise\u00f1o contempor\u00e1neo.<\/p>\n","protected":false},"excerpt":{"rendered":"<p>UBICACI\u00d3N: YEDA, ARABIA SAUDITA<br \/>\nUSO: Malls &amp; Retail<br \/>\nALCANCE: DISE\u00d1O LUM\u00cdNICO DE INTERIORES, EXTERIORES &amp; PAISAJISMO<\/p>\n","protected":false},"featured_media":4695,"comment_status":"closed","ping_status":"closed","template":"","meta":{"_acf_changed":false},"product_brand":[],"product_cat":[108],"product_tag":[],"class_list":{"0":"post-6383","1":"product","2":"type-product","3":"status-publish","4":"has-post-thumbnail","6":"product_cat-proyectos","8":"first","9":"instock","10":"shipping-taxable","11":"product-type-simple"},"acf":[],"_links":{"self":[{"href":"https:\/\/umayalighting.com\/es\/wp-json\/wp\/v2\/product\/6383","targetHints":{"allow":["GET"]}}],"collection":[{"href":"https:\/\/umayalighting.com\/es\/wp-json\/wp\/v2\/product"}],"about":[{"href":"https:\/\/umayalighting.com\/es\/wp-json\/wp\/v2\/types\/product"}],"replies":[{"embeddable":true,"href":"https:\/\/umayalighting.com\/es\/wp-json\/wp\/v2\/comments?post=6383"}],"wp:featuredmedia":[{"embeddable":true,"href":"https:\/\/umayalighting.com\/es\/wp-json\/wp\/v2\/media\/4695"}],"wp:attachment":[{"href":"https:\/\/umayalighting.com\/es\/wp-json\/wp\/v2\/media?parent=6383"}],"wp:term":[{"taxonomy":"product_brand","embeddable":true,"href":"https:\/\/umayalighting.com\/es\/wp-json\/wp\/v2\/product_brand?post=6383"},{"taxonomy":"product_cat","embeddable":true,"href":"https:\/\/umayalighting.com\/es\/wp-json\/wp\/v2\/product_cat?post=6383"},{"taxonomy":"product_tag","embeddable":true,"href":"https:\/\/umayalighting.com\/es\/wp-json\/wp\/v2\/product_tag?post=6383"}],"curies":[{"name":"wp","href":"https:\/\/api.w.org\/{rel}","templated":true}]}}