{"id":6385,"date":"2023-04-24T03:51:04","date_gmt":"2023-04-23T23:51:04","guid":{"rendered":"https:\/\/umayalighting.com\/projects\/el-club-canario\/"},"modified":"2023-09-16T16:40:57","modified_gmt":"2023-09-16T12:40:57","slug":"the-canary-club","status":"publish","type":"product","link":"https:\/\/umayalighting.com\/es\/projects\/the-canary-club\/","title":{"rendered":"El Club Canario"},"content":{"rendered":"<p>El Canary Club combina el estilo y los sabores ic\u00f3nicos de destinos de la costa oeste como Malib\u00fa, Palm Springs, Cabo y Acapulco. Dise\u00f1ado por Fighterbrands, los interiores son un renacimiento de los a\u00f1os 70 con mucho rat\u00e1n, mimbre, macram\u00e9, alfombras peludas, piedra arenisca y toques de amarillo canario. Todo se fusiona para crear un lugar acogedor y agradable para cenar y relajarse.<\/p>\n<p>Ocupando dos pisos de un edificio independiente, parte del Banyan Tree Residences Hillside Dubai, este restaurante para 150 comensales cuenta con una cocina abierta y vistas a la piscina, mientras que arriba su rooftop resplandece gracias a las brillantes vistas de los rascacielos.<\/p>\n<p>Desarrollar el esquema de iluminaci\u00f3n para un espacio con tanto car\u00e1cter fue sin duda un desaf\u00edo. Toda la iluminaci\u00f3n t\u00e9cnica gir\u00f3 en torno a complementar las piezas de iluminaci\u00f3n decorativas, al tiempo que proporcion\u00f3 profundidad y gradaci\u00f3n a los diferentes espacios, revelando los m\u00faltiples detalles cuidadosamente dise\u00f1ados en el comedor principal y rooftop.<\/p>\n<p>El resultado es un ambiente perfectamente equilibrado pero estimulante, que combina t\u00e9cnicas de iluminaci\u00f3n tanto tradicionales como contempor\u00e1neas.<\/p>\n<p>Fuente: <a href=\"http:\/\/www.fighterbrands.com\/\">www.fighterbrands.com<\/a><\/p>\n","protected":false},"excerpt":{"rendered":"<p>UBICACI\u00d3N: <span lang=\"EN-US\">DUBAI, UAE<\/span><br \/>\nUSO: <span lang=\"EN-US\">GASTRONOM\u00cdA<\/span><br \/>\nALCANCE: <span lang=\"EN-US\">DISENO LUM\u00cdNICO DE INTERIORES &amp; EXTERIORES<\/span><\/p>\n","protected":false},"featured_media":9490,"comment_status":"closed","ping_status":"closed","template":"","meta":{"_acf_changed":false},"product_brand":[],"product_cat":[108],"product_tag":[],"class_list":{"0":"post-6385","1":"product","2":"type-product","3":"status-publish","4":"has-post-thumbnail","6":"product_cat-proyectos","8":"first","9":"instock","10":"shipping-taxable","11":"product-type-simple"},"acf":[],"_links":{"self":[{"href":"https:\/\/umayalighting.com\/es\/wp-json\/wp\/v2\/product\/6385","targetHints":{"allow":["GET"]}}],"collection":[{"href":"https:\/\/umayalighting.com\/es\/wp-json\/wp\/v2\/product"}],"about":[{"href":"https:\/\/umayalighting.com\/es\/wp-json\/wp\/v2\/types\/product"}],"replies":[{"embeddable":true,"href":"https:\/\/umayalighting.com\/es\/wp-json\/wp\/v2\/comments?post=6385"}],"wp:featuredmedia":[{"embeddable":true,"href":"https:\/\/umayalighting.com\/es\/wp-json\/wp\/v2\/media\/9490"}],"wp:attachment":[{"href":"https:\/\/umayalighting.com\/es\/wp-json\/wp\/v2\/media?parent=6385"}],"wp:term":[{"taxonomy":"product_brand","embeddable":true,"href":"https:\/\/umayalighting.com\/es\/wp-json\/wp\/v2\/product_brand?post=6385"},{"taxonomy":"product_cat","embeddable":true,"href":"https:\/\/umayalighting.com\/es\/wp-json\/wp\/v2\/product_cat?post=6385"},{"taxonomy":"product_tag","embeddable":true,"href":"https:\/\/umayalighting.com\/es\/wp-json\/wp\/v2\/product_tag?post=6385"}],"curies":[{"name":"wp","href":"https:\/\/api.w.org\/{rel}","templated":true}]}}