{"id":6386,"date":"2023-04-24T04:15:52","date_gmt":"2023-04-24T00:15:52","guid":{"rendered":"https:\/\/umayalighting.com\/projects\/la-torre-de-la-distincion\/"},"modified":"2023-09-16T16:40:58","modified_gmt":"2023-09-16T12:40:58","slug":"the-distinction-tower","status":"publish","type":"product","link":"https:\/\/umayalighting.com\/es\/projects\/the-distinction-tower\/","title":{"rendered":"La torre de la distinci\u00f3n"},"content":{"rendered":"<p>El enfoque para el dise\u00f1o lum\u00ednico de esta torre se bas\u00f3 en su esquema tripartito.<\/p>\n<p>A nivel de calle, la disposici\u00f3n aleatoria de las luminarias lineales refleja el dinamismo de la calle contigua, y sugiere una sensaci\u00f3n de velocidad y modernidad. El gran gesto, la columna vertebral, se revela por medio de una configuraci\u00f3n de l\u00edneas horizontales azules semejando los nervios, mientras que el n\u00facleo central fluye hasta la cima, manifestando la escala del edificio. La par\u00e1bola en el techo da marco a la cascada en voladizo, que alberga las terrazas de los lujosos departamentos. La escena en su conjunto se acentu\u00f3 con la misma paleta de luz.<\/p>\n<p>Se prest\u00f3 especial atenci\u00f3n en resaltar los principales elementos arquitect\u00f3nicos del edificio, pero evitando la sobre exposici\u00f3n y el derrame innecesario de luz, con el fin de mantener la consistencia y performance de la escena durante la noche. El aspecto residencial de la torre se mantiene sutil, atractivo y prominente.<\/p>\n","protected":false},"excerpt":{"rendered":"<p>UBICACI\u00d3N: DUBAI, EMIRATOS \u00c1RABES UNIDOS<br \/>\nUSO: GRAN ALTURA &#8211; RESIDENCIAL<br \/>\nALCANCE: DISE\u00d1O LUM\u00cdNICO DE FACHADA<\/p>\n","protected":false},"featured_media":8213,"comment_status":"closed","ping_status":"closed","template":"","meta":{"_acf_changed":false},"product_brand":[],"product_cat":[108],"product_tag":[],"class_list":{"0":"post-6386","1":"product","2":"type-product","3":"status-publish","4":"has-post-thumbnail","6":"product_cat-proyectos","8":"first","9":"instock","10":"shipping-taxable","11":"product-type-simple"},"acf":[],"_links":{"self":[{"href":"https:\/\/umayalighting.com\/es\/wp-json\/wp\/v2\/product\/6386","targetHints":{"allow":["GET"]}}],"collection":[{"href":"https:\/\/umayalighting.com\/es\/wp-json\/wp\/v2\/product"}],"about":[{"href":"https:\/\/umayalighting.com\/es\/wp-json\/wp\/v2\/types\/product"}],"replies":[{"embeddable":true,"href":"https:\/\/umayalighting.com\/es\/wp-json\/wp\/v2\/comments?post=6386"}],"wp:featuredmedia":[{"embeddable":true,"href":"https:\/\/umayalighting.com\/es\/wp-json\/wp\/v2\/media\/8213"}],"wp:attachment":[{"href":"https:\/\/umayalighting.com\/es\/wp-json\/wp\/v2\/media?parent=6386"}],"wp:term":[{"taxonomy":"product_brand","embeddable":true,"href":"https:\/\/umayalighting.com\/es\/wp-json\/wp\/v2\/product_brand?post=6386"},{"taxonomy":"product_cat","embeddable":true,"href":"https:\/\/umayalighting.com\/es\/wp-json\/wp\/v2\/product_cat?post=6386"},{"taxonomy":"product_tag","embeddable":true,"href":"https:\/\/umayalighting.com\/es\/wp-json\/wp\/v2\/product_tag?post=6386"}],"curies":[{"name":"wp","href":"https:\/\/api.w.org\/{rel}","templated":true}]}}