{"id":6387,"date":"2023-04-24T04:10:15","date_gmt":"2023-04-24T00:10:15","guid":{"rendered":"https:\/\/umayalighting.com\/projects\/the-dubai-mall\/"},"modified":"2023-09-16T16:40:58","modified_gmt":"2023-09-16T12:40:58","slug":"the-dubai-mall","status":"publish","type":"product","link":"https:\/\/umayalighting.com\/es\/projects\/the-dubai-mall\/","title":{"rendered":"The Dubai Mall"},"content":{"rendered":"<p>En este proyecto en concreto, nuestro equipo fue contratado para desarrollar una mejora integral de la iluminaci\u00f3n interior y de fachada. La situaci\u00f3n existente era de mala calidad de luz con niveles bajos e incoherentes, exigiendo altos esfuerzos de mantenimiento y costos de energ\u00eda. El desaf\u00edo no s\u00f3lo se limit\u00f3 a esto, sino que tambi\u00e9n incluy\u00f3 el uso de los puntos de luz existentes y la planificaci\u00f3n de la remodelaci\u00f3n sin afectar el funcionamiento del centro comercial.<\/p>\n<p>Las estrategias de iluminaci\u00f3n implementadas incluyeron el uso de fuentes de luz m\u00e1s eficientes, mejores \u00f3pticas y temperaturas de color m\u00e1s fr\u00edas, entre otros. La iluminaci\u00f3n general mejor\u00f3 dr\u00e1sticamente en t\u00e9rminos de uniformidad, iluminancia, reproducci\u00f3n de color, deslumbramiento, eficiencia y consumo; sin mencionar la percepci\u00f3n general del espacio y experiencia del consumidor. En promedio, los niveles de iluminaci\u00f3n aumentaron un 70%, con una reducci\u00f3n del 20% en los costos de energ\u00eda.<\/p>\n","protected":false},"excerpt":{"rendered":"<p>UBICACI\u00d3N: DUBAI, EMIRATOS \u00c1RABES UNIDOS<br \/>\nUSO: Malls &amp; Retail<br \/>\nALCANCE: MEJORA LUM\u00cdNICA DE INTERIORES Y FACHADA<\/p>\n","protected":false},"featured_media":4940,"comment_status":"closed","ping_status":"closed","template":"","meta":{"_acf_changed":false},"product_brand":[],"product_cat":[108],"product_tag":[],"class_list":{"0":"post-6387","1":"product","2":"type-product","3":"status-publish","4":"has-post-thumbnail","6":"product_cat-proyectos","8":"first","9":"instock","10":"shipping-taxable","11":"product-type-simple"},"acf":[],"_links":{"self":[{"href":"https:\/\/umayalighting.com\/es\/wp-json\/wp\/v2\/product\/6387","targetHints":{"allow":["GET"]}}],"collection":[{"href":"https:\/\/umayalighting.com\/es\/wp-json\/wp\/v2\/product"}],"about":[{"href":"https:\/\/umayalighting.com\/es\/wp-json\/wp\/v2\/types\/product"}],"replies":[{"embeddable":true,"href":"https:\/\/umayalighting.com\/es\/wp-json\/wp\/v2\/comments?post=6387"}],"wp:featuredmedia":[{"embeddable":true,"href":"https:\/\/umayalighting.com\/es\/wp-json\/wp\/v2\/media\/4940"}],"wp:attachment":[{"href":"https:\/\/umayalighting.com\/es\/wp-json\/wp\/v2\/media?parent=6387"}],"wp:term":[{"taxonomy":"product_brand","embeddable":true,"href":"https:\/\/umayalighting.com\/es\/wp-json\/wp\/v2\/product_brand?post=6387"},{"taxonomy":"product_cat","embeddable":true,"href":"https:\/\/umayalighting.com\/es\/wp-json\/wp\/v2\/product_cat?post=6387"},{"taxonomy":"product_tag","embeddable":true,"href":"https:\/\/umayalighting.com\/es\/wp-json\/wp\/v2\/product_tag?post=6387"}],"curies":[{"name":"wp","href":"https:\/\/api.w.org\/{rel}","templated":true}]}}