{"id":6388,"date":"2023-04-24T04:20:13","date_gmt":"2023-04-24T00:20:13","guid":{"rendered":"https:\/\/umayalighting.com\/projects\/edificio-the-edge\/"},"modified":"2023-09-16T16:40:58","modified_gmt":"2023-09-16T12:40:58","slug":"the-edge","status":"publish","type":"product","link":"https:\/\/umayalighting.com\/es\/projects\/the-edge\/","title":{"rendered":"Edificio The Edge"},"content":{"rendered":"<p>Este exclusivo edificio de oficinas de 10.000sq.ft ubicado en el coraz\u00f3n de Dub\u00e1i Internet City, ofrece numerosas instalaciones y servicios. El sistema de iluminaci\u00f3n de fachada se centr\u00f3 en realzar la jaula exterior, marcando su presencia durante la noche pero generando un impacto visual equilibrado. Ba\u00f1adores de pared de haz estrecho iluminan las columnas perimetrales, mientras que proyectores ocultos acent\u00faan la cara inferior de la corona del edificio.<\/p>\n<p>La propuesta de iluminaci\u00f3n para el lobby de entrada se desarroll\u00f3 en dos capas; la primera capa se centr\u00f3 en destacar los principales objetivos visuales, es decir, las enormes pinturas situadas a ambos lados del lobby y la pared trasera que sirve de marco a la experiencia de llegada. Una segunda capa se introdujo como iluminaci\u00f3n general; luz de apoyo para llegar a los niveles de luz adecuados y equilibrar la composici\u00f3n visual.<\/p>\n<p>El resultado es un ambiente limpio y sofisticado, que anticipa las oficinas de lujo situadas en el interior.<\/p>\n","protected":false},"excerpt":{"rendered":"<p>UBICACI\u00d3N: DUBAI, EMIRATOS \u00c1RABES UNIDOS<br \/>\nUSO: Oficinas &amp; Corporativo<br \/>\nALCANCE: DISE\u00d1O LUM\u00cdNICO DE INTERIORES &amp; FACHADA<\/p>\n","protected":false},"featured_media":8070,"comment_status":"closed","ping_status":"closed","template":"","meta":{"_acf_changed":false},"product_brand":[],"product_cat":[108],"product_tag":[],"class_list":{"0":"post-6388","1":"product","2":"type-product","3":"status-publish","4":"has-post-thumbnail","6":"product_cat-proyectos","8":"first","9":"instock","10":"shipping-taxable","11":"product-type-simple"},"acf":[],"_links":{"self":[{"href":"https:\/\/umayalighting.com\/es\/wp-json\/wp\/v2\/product\/6388","targetHints":{"allow":["GET"]}}],"collection":[{"href":"https:\/\/umayalighting.com\/es\/wp-json\/wp\/v2\/product"}],"about":[{"href":"https:\/\/umayalighting.com\/es\/wp-json\/wp\/v2\/types\/product"}],"replies":[{"embeddable":true,"href":"https:\/\/umayalighting.com\/es\/wp-json\/wp\/v2\/comments?post=6388"}],"wp:featuredmedia":[{"embeddable":true,"href":"https:\/\/umayalighting.com\/es\/wp-json\/wp\/v2\/media\/8070"}],"wp:attachment":[{"href":"https:\/\/umayalighting.com\/es\/wp-json\/wp\/v2\/media?parent=6388"}],"wp:term":[{"taxonomy":"product_brand","embeddable":true,"href":"https:\/\/umayalighting.com\/es\/wp-json\/wp\/v2\/product_brand?post=6388"},{"taxonomy":"product_cat","embeddable":true,"href":"https:\/\/umayalighting.com\/es\/wp-json\/wp\/v2\/product_cat?post=6388"},{"taxonomy":"product_tag","embeddable":true,"href":"https:\/\/umayalighting.com\/es\/wp-json\/wp\/v2\/product_tag?post=6388"}],"curies":[{"name":"wp","href":"https:\/\/api.w.org\/{rel}","templated":true}]}}