{"id":6389,"date":"2023-04-24T04:12:17","date_gmt":"2023-04-24T00:12:17","guid":{"rendered":"https:\/\/umayalighting.com\/projects\/boulevard-emaar\/"},"modified":"2023-09-16T16:40:58","modified_gmt":"2023-09-16T12:40:58","slug":"the-emaar-boulevard","status":"publish","type":"product","link":"https:\/\/umayalighting.com\/es\/projects\/the-emaar-boulevard\/","title":{"rendered":"Boulevard Emaar"},"content":{"rendered":"<p>Cualquier ciudad importante en el mundo tiene una calle imperdible. Champs Elysees, La Rambla, Orchard Road, Lan Kwai&#8230; lo que todas tienen en com\u00fan es su capacidad para congregar a las personas y revelar el pulso de la ciudad, independientemente de su tama\u00f1o, est\u00e9tica e incluso su uso.<\/p>\n<p>Nuestro proyecto de iluminaci\u00f3n tuvo como objetivo esto mismo; fomentar la interacci\u00f3n humana y mostrar de qu\u00e9 se trata Dubai, transform\u00e1ndolo en un destino para turistas y orgullo para sus residentes. Esto se logr\u00f3 con la creaci\u00f3n de acontecimientos; intervenciones lum\u00ednicas colocadas a lo largo del boulevard. Estos acontecimientos se situaron cada 220 metros aproximadamente, y fueron organizados en tres series.<\/p>\n<p>La serie Discover reutiliz\u00f3 las estacas de luz existentes en los \u00e1rboles, reorganiz\u00e1ndolas en nuevas configuraciones y creando espacios \u00fanicos donde los peatones pudieran caminar y explorar. Se crearon cinco dise\u00f1os diferentes: el laberinto, el bosque, las dunas, la fuente y la estrella.<\/p>\n<p>La serie Play es una colecci\u00f3n de instalaciones lum\u00ednicas permanente dise\u00f1adas para interactuar con los peatones y atraer al p\u00fablico. Consisti\u00f3 de dos instalaciones, Waiting for Gulliver (Esperando a Gulliver) y Spotted ! (Manchado !). Waiting for Gulliver juega con la noci\u00f3n de escala y el significado del ser humano. Las l\u00e1mparas de mesa de gran tama\u00f1o pueblan un \u00e1rea proyectando una luz blanca c\u00e1lida y suave sobre el piso. Al pararse debajo de ellas, los peatones se iluminan en colores saturados que proporcionan una experiencia divertida e inesperada. Manchado ! se compone de una disposici\u00f3n de coloridos bancos retroiluminados en forma de rosquilla que invitan a las personas a sentarse y admirar el entorno.<\/p>\n<p>Finalmente, la serie Feel se compone de cinco dise\u00f1os de gobos diferentes que proyectan entre los \u00e1rboles patrones de luz basados en elementos de la naturaleza: bosque, fuego, agua y estrellas.<\/p>\n","protected":false},"excerpt":{"rendered":"<p>UBICACI\u00d3N: DUBAI, EMIRATOS \u00c1RABES UNIDOS<br \/>\nUSO: OCIO &#8211; urbano &amp; comunidades<br \/>\nALCANCE: MEJORA &amp; DISE\u00d1O LUM\u00cdNICO DE<br \/>\nPAISAJISMO, EVENTO &amp; ESPACIOS P\u00daBLICOS<\/p>\n","protected":false},"featured_media":8898,"comment_status":"closed","ping_status":"closed","template":"","meta":{"_acf_changed":false},"product_brand":[],"product_cat":[108],"product_tag":[],"class_list":{"0":"post-6389","1":"product","2":"type-product","3":"status-publish","4":"has-post-thumbnail","6":"product_cat-proyectos","8":"first","9":"instock","10":"shipping-taxable","11":"product-type-simple"},"acf":[],"_links":{"self":[{"href":"https:\/\/umayalighting.com\/es\/wp-json\/wp\/v2\/product\/6389","targetHints":{"allow":["GET"]}}],"collection":[{"href":"https:\/\/umayalighting.com\/es\/wp-json\/wp\/v2\/product"}],"about":[{"href":"https:\/\/umayalighting.com\/es\/wp-json\/wp\/v2\/types\/product"}],"replies":[{"embeddable":true,"href":"https:\/\/umayalighting.com\/es\/wp-json\/wp\/v2\/comments?post=6389"}],"wp:featuredmedia":[{"embeddable":true,"href":"https:\/\/umayalighting.com\/es\/wp-json\/wp\/v2\/media\/8898"}],"wp:attachment":[{"href":"https:\/\/umayalighting.com\/es\/wp-json\/wp\/v2\/media?parent=6389"}],"wp:term":[{"taxonomy":"product_brand","embeddable":true,"href":"https:\/\/umayalighting.com\/es\/wp-json\/wp\/v2\/product_brand?post=6389"},{"taxonomy":"product_cat","embeddable":true,"href":"https:\/\/umayalighting.com\/es\/wp-json\/wp\/v2\/product_cat?post=6389"},{"taxonomy":"product_tag","embeddable":true,"href":"https:\/\/umayalighting.com\/es\/wp-json\/wp\/v2\/product_tag?post=6389"}],"curies":[{"name":"wp","href":"https:\/\/api.w.org\/{rel}","templated":true}]}}