{"id":6390,"date":"2023-04-24T04:28:17","date_gmt":"2023-04-24T00:28:17","guid":{"rendered":"https:\/\/umayalighting.com\/projects\/torre-prime\/"},"modified":"2023-09-16T16:40:58","modified_gmt":"2023-09-16T12:40:58","slug":"the-prime-tower","status":"publish","type":"product","link":"https:\/\/umayalighting.com\/es\/projects\/the-prime-tower\/","title":{"rendered":"Torre Prime"},"content":{"rendered":"<p>La fachada del edificio se consider como un lienzo en blanco, donde la luz se convertir\u00eda en una herramienta para asombrar, y sobre todo destacar al edificio de sus alrededores. La torre fue interpretada como un reflejo del cielo, m\u00e1s espec\u00edficamente como un reflejo de las estrellas que guiaron en tiempos pasados a marineros y beduinos.<\/p>\n<p>La disposici\u00f3n aleatoria de la constelaci\u00f3n de estrellas contrasta perfectamente con la estructura rigurosa del acristalamiento, revelando un efecto inesperado. La concentraci\u00f3n gradual de los puntos brillantes subraya la curvatura de la trama exterior, mientras que extiende visualmente la torre hacia el cielo. Tres colores de luz (blanco , turquesa y azul ) dan profundidad y textura a la superficie del vidrio , mientras transmiten el clima de las estrellas.<\/p>\n<p>Ambas cubiertas se ba\u00f1aron suavemente para indicar el final de las diferentes masas, y sugieren el gesto volum\u00e9trica del edificio. Sus formas caracter\u00edsticas pueden ser interpretadas como lunas en medio de una constelaci\u00f3n de estrellas.<\/p>\n","protected":false},"excerpt":{"rendered":"<p>UBICACI\u00d3N: DUBAI, EMIRATOS \u00c1RABES UNIDOS<br \/>\nUSO: GRAN ALTURA &#8211; Oficinas &amp; Corporativo<br \/>\nALCANCE: DISE\u00d1O LUM\u00cdNICO DE INTERIORES &amp; FACHADA<\/p>\n","protected":false},"featured_media":8286,"comment_status":"closed","ping_status":"closed","template":"","meta":{"_acf_changed":false},"product_brand":[],"product_cat":[108],"product_tag":[],"class_list":{"0":"post-6390","1":"product","2":"type-product","3":"status-publish","4":"has-post-thumbnail","6":"product_cat-proyectos","8":"first","9":"instock","10":"shipping-taxable","11":"product-type-simple"},"acf":[],"_links":{"self":[{"href":"https:\/\/umayalighting.com\/es\/wp-json\/wp\/v2\/product\/6390","targetHints":{"allow":["GET"]}}],"collection":[{"href":"https:\/\/umayalighting.com\/es\/wp-json\/wp\/v2\/product"}],"about":[{"href":"https:\/\/umayalighting.com\/es\/wp-json\/wp\/v2\/types\/product"}],"replies":[{"embeddable":true,"href":"https:\/\/umayalighting.com\/es\/wp-json\/wp\/v2\/comments?post=6390"}],"wp:featuredmedia":[{"embeddable":true,"href":"https:\/\/umayalighting.com\/es\/wp-json\/wp\/v2\/media\/8286"}],"wp:attachment":[{"href":"https:\/\/umayalighting.com\/es\/wp-json\/wp\/v2\/media?parent=6390"}],"wp:term":[{"taxonomy":"product_brand","embeddable":true,"href":"https:\/\/umayalighting.com\/es\/wp-json\/wp\/v2\/product_brand?post=6390"},{"taxonomy":"product_cat","embeddable":true,"href":"https:\/\/umayalighting.com\/es\/wp-json\/wp\/v2\/product_cat?post=6390"},{"taxonomy":"product_tag","embeddable":true,"href":"https:\/\/umayalighting.com\/es\/wp-json\/wp\/v2\/product_tag?post=6390"}],"curies":[{"name":"wp","href":"https:\/\/api.w.org\/{rel}","templated":true}]}}