{"id":6391,"date":"2023-04-24T04:12:59","date_gmt":"2023-04-24T00:12:59","guid":{"rendered":"https:\/\/umayalighting.com\/projects\/la-ciudad-sustentable\/"},"modified":"2023-09-16T16:40:58","modified_gmt":"2023-09-16T12:40:58","slug":"the-sustainable-city","status":"publish","type":"product","link":"https:\/\/umayalighting.com\/es\/projects\/the-sustainable-city\/","title":{"rendered":"La Ciudad Sustentable"},"content":{"rendered":"<p>An\u00e1logamente al desarrollo del concepto arquitect\u00f3nico, el esquema de iluminaci\u00f3n de fachada apunt\u00f3 a capturar la esencia de una ciudad \u00e1rabe tradicional, pero con un acercamiento y est\u00e9tica contempor\u00e1neos.<\/p>\n<p>Los faroles tradicionales fueron reinterpretados como luminarias de pared, proporcionando iluminaci\u00f3n frontal en la circulaci\u00f3n y marcando el ritmo de las fachadas. Versiones grandes y peque\u00f1as del mismo artefacto se utilizaron a nivel de calle y pisos superiores respectivamente, para denotar los distintos grados de privacidad. Luminarias lineales ba\u00f1an las pantallas, resaltando su dise\u00f1o tradicional y verticalidad. Las cornisas superiores se iluminaron para marcar los distintos vol\u00famenes y composici\u00f3n arquitect\u00f3nica general.<\/p>\n<p>El esquema de iluminaci\u00f3n del paisaje apunt\u00f3 no s\u00f3lo a resaltar los exteriores, sino a crear un espacio de interacci\u00f3n humana y fomentar un sentido de comunidad.<\/p>\n<p>Luminarias catenarias iluminan la espina y plaza, proporcionando una sensaci\u00f3n acogedora y c\u00edvica. Iluminaci\u00f3n oculta en los asientos contribuye a la iluminaci\u00f3n general y proporciona una identificaci\u00f3n clara y consistente de su funci\u00f3n. Patrones de luz proyectados sobre el suelo, parecidos a sombras de \u00e1rboles, dan al espacio un componente natural, dotando de car\u00e1cter a la plaza central y destac\u00e1ndola visualmente del entorno.<\/p>\n","protected":false},"excerpt":{"rendered":"<p>UBICACI\u00d3N: DUBAI, EMIRATOS \u00c1RABES UNIDOS<br \/>\nUSO: Urbano &amp; Comunidades<br \/>\nALCANCE: DISE\u00d1O LUM\u00cdNICO de espacios p\u00fablicos, FACHADA &amp; paisajismo<br \/>\nDISE\u00d1O DE ILUMINACI\u00d3N<\/p>\n","protected":false},"featured_media":8814,"comment_status":"closed","ping_status":"closed","template":"","meta":{"_acf_changed":false},"product_brand":[],"product_cat":[108],"product_tag":[],"class_list":{"0":"post-6391","1":"product","2":"type-product","3":"status-publish","4":"has-post-thumbnail","6":"product_cat-proyectos","8":"first","9":"instock","10":"shipping-taxable","11":"product-type-simple"},"acf":[],"_links":{"self":[{"href":"https:\/\/umayalighting.com\/es\/wp-json\/wp\/v2\/product\/6391","targetHints":{"allow":["GET"]}}],"collection":[{"href":"https:\/\/umayalighting.com\/es\/wp-json\/wp\/v2\/product"}],"about":[{"href":"https:\/\/umayalighting.com\/es\/wp-json\/wp\/v2\/types\/product"}],"replies":[{"embeddable":true,"href":"https:\/\/umayalighting.com\/es\/wp-json\/wp\/v2\/comments?post=6391"}],"wp:featuredmedia":[{"embeddable":true,"href":"https:\/\/umayalighting.com\/es\/wp-json\/wp\/v2\/media\/8814"}],"wp:attachment":[{"href":"https:\/\/umayalighting.com\/es\/wp-json\/wp\/v2\/media?parent=6391"}],"wp:term":[{"taxonomy":"product_brand","embeddable":true,"href":"https:\/\/umayalighting.com\/es\/wp-json\/wp\/v2\/product_brand?post=6391"},{"taxonomy":"product_cat","embeddable":true,"href":"https:\/\/umayalighting.com\/es\/wp-json\/wp\/v2\/product_cat?post=6391"},{"taxonomy":"product_tag","embeddable":true,"href":"https:\/\/umayalighting.com\/es\/wp-json\/wp\/v2\/product_tag?post=6391"}],"curies":[{"name":"wp","href":"https:\/\/api.w.org\/{rel}","templated":true}]}}