{"id":6393,"date":"2023-04-24T04:28:43","date_gmt":"2023-04-24T00:28:43","guid":{"rendered":"https:\/\/umayalighting.com\/projects\/gimnasio-the-warehouse\/"},"modified":"2023-09-16T16:40:59","modified_gmt":"2023-09-16T12:40:59","slug":"the-warehouse-gym","status":"publish","type":"product","link":"https:\/\/umayalighting.com\/es\/projects\/the-warehouse-gym\/","title":{"rendered":"Gimnasio The Warehouse"},"content":{"rendered":"<p>El concepto detr\u00e1s del dise\u00f1o para este gimnasio fue recrear la est\u00e9tica de los gimnasios de los a\u00f1os 80. Materiales toscos, estructuras expuestas y enormes graffitis por los renombrados artistas Tom Deam y Shaun Sper nos trasladan al ca\u00f3tico mundo del metro de Nueva York.<\/p>\n<p>La luz tiene un papel clave en este proyecto, tanto como ayuda para la circulaci\u00f3n como para la estimulaci\u00f3n visual. Brillantes y saturados colores categorizan las distintas \u00e1reas de entrenamiento y crean un ambiente en\u00e9rgico y entretenido para la actividad f\u00edsica. El uso de contrastes marcados a\u00f1ade dramatismo a la escena y aumenta la sensaci\u00f3n de misterio y anonimato.<\/p>\n<p>Las luminarias utilizadas complementan el ambiente r\u00fastico. Tubos de ne\u00f3n azul y rosa gu\u00edan a hombres y mujeres a sus respectivos vestuarios, mientras que proyectores industriales revelan los graffitis en las paredes, derramando sus colores en el espacio. El ambiente logrado es surrealista, intenso e inspirador.<\/p>\n","protected":false},"excerpt":{"rendered":"<p>UBICACI\u00d3N: DUBAI, EMIRATOS \u00c1RABES UNIDOS<br \/>\nUSO: OCIO &#8211; DEPORTES<br \/>\nALCANCE: DISE\u00d1O LUM\u00cdNICO DE INTERIORES<\/p>\n","protected":false},"featured_media":8580,"comment_status":"closed","ping_status":"closed","template":"","meta":{"_acf_changed":false},"product_brand":[],"product_cat":[108],"product_tag":[],"class_list":{"0":"post-6393","1":"product","2":"type-product","3":"status-publish","4":"has-post-thumbnail","6":"product_cat-proyectos","8":"first","9":"instock","10":"shipping-taxable","11":"product-type-simple"},"acf":[],"_links":{"self":[{"href":"https:\/\/umayalighting.com\/es\/wp-json\/wp\/v2\/product\/6393","targetHints":{"allow":["GET"]}}],"collection":[{"href":"https:\/\/umayalighting.com\/es\/wp-json\/wp\/v2\/product"}],"about":[{"href":"https:\/\/umayalighting.com\/es\/wp-json\/wp\/v2\/types\/product"}],"replies":[{"embeddable":true,"href":"https:\/\/umayalighting.com\/es\/wp-json\/wp\/v2\/comments?post=6393"}],"wp:featuredmedia":[{"embeddable":true,"href":"https:\/\/umayalighting.com\/es\/wp-json\/wp\/v2\/media\/8580"}],"wp:attachment":[{"href":"https:\/\/umayalighting.com\/es\/wp-json\/wp\/v2\/media?parent=6393"}],"wp:term":[{"taxonomy":"product_brand","embeddable":true,"href":"https:\/\/umayalighting.com\/es\/wp-json\/wp\/v2\/product_brand?post=6393"},{"taxonomy":"product_cat","embeddable":true,"href":"https:\/\/umayalighting.com\/es\/wp-json\/wp\/v2\/product_cat?post=6393"},{"taxonomy":"product_tag","embeddable":true,"href":"https:\/\/umayalighting.com\/es\/wp-json\/wp\/v2\/product_tag?post=6393"}],"curies":[{"name":"wp","href":"https:\/\/api.w.org\/{rel}","templated":true}]}}