{"id":6394,"date":"2023-04-24T04:28:07","date_gmt":"2023-04-24T00:28:07","guid":{"rendered":"https:\/\/umayalighting.com\/projects\/torres-u-bora\/"},"modified":"2023-09-16T16:40:59","modified_gmt":"2023-09-16T12:40:59","slug":"u-bora-towers","status":"publish","type":"product","link":"https:\/\/umayalighting.com\/es\/projects\/u-bora-towers\/","title":{"rendered":"Torres U-Bora"},"content":{"rendered":"<p>El alcance de este trabajo en particular fue la mejora del proyecto de alumbrado exterior existente.<\/p>\n<p>Nuestra propuesta se centr\u00f3 en tres \u00e1reas clave.<\/p>\n<p>En primer lugar, la creaci\u00f3n de un anillo de luz alrededor de la parte superior de la torre, para mejorar la presencia del edificio en la zona. En segundo lugar, la iluminaci\u00f3n de la apertura en el edificio m\u00e1s bajo, que enmarca la entrada principal desde el lago, mientras que muestra el atractivo gesto arquitect\u00f3nico. Y por \u00faltimo, un ba\u00f1ado de color azul a lo largo de la cubierta del edificio m\u00e1s bajo, acentuando la idea de movimiento y velocidad.<\/p>\n<p>Esta \u00faltima estrategia se complement\u00f3 con una serie de efectos de estrellas fugaces ubicadas en los bordes de los balcones.<\/p>\n","protected":false},"excerpt":{"rendered":"<p>UBICACI\u00d3N: DUBAI, EMIRATOS \u00c1RABES UNIDOS<br \/>\nUSO: OFICINAS &amp; CORPORATIVO &#8211; RESIDENCIAL<br \/>\nALCANCE: MEJORA LUM\u00cdNICA DE FACHADA<\/p>\n","protected":false},"featured_media":5513,"comment_status":"closed","ping_status":"closed","template":"","meta":{"_acf_changed":false},"product_brand":[],"product_cat":[108],"product_tag":[],"class_list":{"0":"post-6394","1":"product","2":"type-product","3":"status-publish","4":"has-post-thumbnail","6":"product_cat-proyectos","8":"first","9":"instock","10":"shipping-taxable","11":"product-type-simple"},"acf":[],"_links":{"self":[{"href":"https:\/\/umayalighting.com\/es\/wp-json\/wp\/v2\/product\/6394","targetHints":{"allow":["GET"]}}],"collection":[{"href":"https:\/\/umayalighting.com\/es\/wp-json\/wp\/v2\/product"}],"about":[{"href":"https:\/\/umayalighting.com\/es\/wp-json\/wp\/v2\/types\/product"}],"replies":[{"embeddable":true,"href":"https:\/\/umayalighting.com\/es\/wp-json\/wp\/v2\/comments?post=6394"}],"wp:featuredmedia":[{"embeddable":true,"href":"https:\/\/umayalighting.com\/es\/wp-json\/wp\/v2\/media\/5513"}],"wp:attachment":[{"href":"https:\/\/umayalighting.com\/es\/wp-json\/wp\/v2\/media?parent=6394"}],"wp:term":[{"taxonomy":"product_brand","embeddable":true,"href":"https:\/\/umayalighting.com\/es\/wp-json\/wp\/v2\/product_brand?post=6394"},{"taxonomy":"product_cat","embeddable":true,"href":"https:\/\/umayalighting.com\/es\/wp-json\/wp\/v2\/product_cat?post=6394"},{"taxonomy":"product_tag","embeddable":true,"href":"https:\/\/umayalighting.com\/es\/wp-json\/wp\/v2\/product_tag?post=6394"}],"curies":[{"name":"wp","href":"https:\/\/api.w.org\/{rel}","templated":true}]}}