{"id":6395,"date":"2023-04-24T04:16:58","date_gmt":"2023-04-24T00:16:58","guid":{"rendered":"https:\/\/umayalighting.com\/projects\/torre-upper-crest\/"},"modified":"2023-09-16T16:40:59","modified_gmt":"2023-09-16T12:40:59","slug":"upper-crest-tower","status":"publish","type":"product","link":"https:\/\/umayalighting.com\/es\/projects\/upper-crest-tower\/","title":{"rendered":"Torre Upper Crest"},"content":{"rendered":"<p>Situado en la zona de la Business Bay en Dubai, y con vistas a la gigantesca fuente, esta torre residencial cuenta con un prestigioso dise\u00f1o que invita a explorar su conexi\u00f3n con el entorno, as\u00ed como fortalecer su estilo arquitect\u00f3nico singular.<\/p>\n<p>El esquema de dise\u00f1o de iluminaci\u00f3n sigui\u00f3 el lenguaje de la fachada. Los balcones curvil\u00edneos fluyen a trav\u00e9s de las fachadas este y sur, inspirados en la marea, en una mezcla de luces blancas directas y azules indirectas. La idea de un teclado de piano se implement\u00f3 a trav\u00e9s de una secuencia alternada de balcones ba\u00f1ados de azul, suavizando la transici\u00f3n entre las superficies planas envolventes y la esquina ovalada. La fachada del podio se resalt\u00f3 usando haces de luz estrecha. La singular pared que enmarca el volumen del edificio se destac\u00f3 con reflejos c\u00e1lidos y acogedores.<\/p>\n<p>El sencillo pero llamativo esquema de iluminaci\u00f3n conserva los atributos residenciales del edificio. El rendimiento t\u00e9cnico y funcional se resolvi\u00f3 a trav\u00e9s de soluciones a medida adaptadas a las necesidades espec\u00edficas del proyecto. Estas soluciones fueron acordes al presupuesto asignado, as\u00ed como a la concesi\u00f3n energ\u00e9tica, que resulto en una reducci\u00f3n del 40% por debajo de la l\u00ednea base.<\/p>\n","protected":false},"excerpt":{"rendered":"<p>UBICACI\u00d3N: DUBAI, EMIRATOS \u00c1RABES UNIDOS<br \/>\nUSO: GRAN ALTURA &#8211; RESIDENCIAL<br \/>\nALCANCE: DISE\u00d1O LUM\u00cdNICO DE FACHADA<\/p>\n","protected":false},"featured_media":8218,"comment_status":"closed","ping_status":"closed","template":"","meta":{"_acf_changed":false},"product_brand":[],"product_cat":[108],"product_tag":[],"class_list":{"0":"post-6395","1":"product","2":"type-product","3":"status-publish","4":"has-post-thumbnail","6":"product_cat-proyectos","8":"first","9":"instock","10":"shipping-taxable","11":"product-type-simple"},"acf":[],"_links":{"self":[{"href":"https:\/\/umayalighting.com\/es\/wp-json\/wp\/v2\/product\/6395","targetHints":{"allow":["GET"]}}],"collection":[{"href":"https:\/\/umayalighting.com\/es\/wp-json\/wp\/v2\/product"}],"about":[{"href":"https:\/\/umayalighting.com\/es\/wp-json\/wp\/v2\/types\/product"}],"replies":[{"embeddable":true,"href":"https:\/\/umayalighting.com\/es\/wp-json\/wp\/v2\/comments?post=6395"}],"wp:featuredmedia":[{"embeddable":true,"href":"https:\/\/umayalighting.com\/es\/wp-json\/wp\/v2\/media\/8218"}],"wp:attachment":[{"href":"https:\/\/umayalighting.com\/es\/wp-json\/wp\/v2\/media?parent=6395"}],"wp:term":[{"taxonomy":"product_brand","embeddable":true,"href":"https:\/\/umayalighting.com\/es\/wp-json\/wp\/v2\/product_brand?post=6395"},{"taxonomy":"product_cat","embeddable":true,"href":"https:\/\/umayalighting.com\/es\/wp-json\/wp\/v2\/product_cat?post=6395"},{"taxonomy":"product_tag","embeddable":true,"href":"https:\/\/umayalighting.com\/es\/wp-json\/wp\/v2\/product_tag?post=6395"}],"curies":[{"name":"wp","href":"https:\/\/api.w.org\/{rel}","templated":true}]}}