{"id":6396,"date":"2023-04-24T04:02:43","date_gmt":"2023-04-24T00:02:43","guid":{"rendered":"https:\/\/umayalighting.com\/projects\/velamar\/"},"modified":"2023-09-16T16:40:59","modified_gmt":"2023-09-16T12:40:59","slug":"velamar","status":"publish","type":"product","link":"https:\/\/umayalighting.com\/es\/projects\/velamar\/","title":{"rendered":"Velamar"},"content":{"rendered":"<p>Marina Village y Velamar son los principales componentes urbanos del desarrollo de Buenaventura, a 120 km al suroeste de la ciudad de Panam\u00e1, a lo largo de la costa del Pac\u00edfico. El dise\u00f1o de iluminaci\u00f3n de exteriores y calles no solo tuvo como cometido proporcionar la iluminaci\u00f3n correcta para residentes, sino tambi\u00e9n reforzar la idea de una vida de lujo frente al mar.<\/p>\n","protected":false},"excerpt":{"rendered":"<p>UBICACI\u00d3N: Ciudad de Panam\u00e1, Panam\u00e1<br \/>\nUSO: Residencial &#8211; ocio &#8211; urbano &amp; comunidades<br \/>\nALCANCE: DISE\u00d1O LUM\u00cdNICO DE ESPACIOS P\u00daBLICOS,<br \/>\ncalles, fachada &amp; paisajismo<\/p>\n","protected":false},"featured_media":9561,"comment_status":"closed","ping_status":"closed","template":"","meta":{"_acf_changed":false},"product_brand":[],"product_cat":[108],"product_tag":[],"class_list":{"0":"post-6396","1":"product","2":"type-product","3":"status-publish","4":"has-post-thumbnail","6":"product_cat-proyectos","8":"first","9":"instock","10":"shipping-taxable","11":"product-type-simple"},"acf":[],"_links":{"self":[{"href":"https:\/\/umayalighting.com\/es\/wp-json\/wp\/v2\/product\/6396","targetHints":{"allow":["GET"]}}],"collection":[{"href":"https:\/\/umayalighting.com\/es\/wp-json\/wp\/v2\/product"}],"about":[{"href":"https:\/\/umayalighting.com\/es\/wp-json\/wp\/v2\/types\/product"}],"replies":[{"embeddable":true,"href":"https:\/\/umayalighting.com\/es\/wp-json\/wp\/v2\/comments?post=6396"}],"wp:featuredmedia":[{"embeddable":true,"href":"https:\/\/umayalighting.com\/es\/wp-json\/wp\/v2\/media\/9561"}],"wp:attachment":[{"href":"https:\/\/umayalighting.com\/es\/wp-json\/wp\/v2\/media?parent=6396"}],"wp:term":[{"taxonomy":"product_brand","embeddable":true,"href":"https:\/\/umayalighting.com\/es\/wp-json\/wp\/v2\/product_brand?post=6396"},{"taxonomy":"product_cat","embeddable":true,"href":"https:\/\/umayalighting.com\/es\/wp-json\/wp\/v2\/product_cat?post=6396"},{"taxonomy":"product_tag","embeddable":true,"href":"https:\/\/umayalighting.com\/es\/wp-json\/wp\/v2\/product_tag?post=6396"}],"curies":[{"name":"wp","href":"https:\/\/api.w.org\/{rel}","templated":true}]}}