{"id":6397,"date":"2023-04-24T04:04:19","date_gmt":"2023-04-24T00:04:19","guid":{"rendered":"https:\/\/umayalighting.com\/projects\/vida-hotel-residences\/"},"modified":"2023-09-16T16:40:59","modified_gmt":"2023-09-16T12:40:59","slug":"vida-hotel-residences","status":"publish","type":"product","link":"https:\/\/umayalighting.com\/es\/projects\/vida-hotel-residences\/","title":{"rendered":"Vida Hotel &amp; Residences"},"content":{"rendered":"<p>A gran escala, el esquema de iluminaci\u00f3n de fachada tuvo como objetivo resaltar los principales vol\u00famenes del complejo, revelando el di\u00e1logo formal entre ellos. Se estableci\u00f3 una jerarqu\u00eda visual, liderada por el podio y seguida por el hotel, el volumen de escaleras, el puente de conexi\u00f3n y por \u00faltimo el edificio de apartamentos. Cada volumen se trabaj\u00f3 individualmente focaliz\u00e1ndose en sus elementos arquitect\u00f3nicos, en l\u00ednea con la exposici\u00f3n visual establecida en el conjunto general.<\/p>\n<p>La iluminaci\u00f3n del paisaje se compuso de estrategias de iluminaci\u00f3n puntuales que funcionan de manera complementaria, para lograr un entorno sobrio pero acogedor. Fuentes ocultas de luz a nivel de piso revelan los diferentes elementos que componen las \u00e1reas exteriores, dando car\u00e1cter y sensaci\u00f3n de lugar.<\/p>\n","protected":false},"excerpt":{"rendered":"<p>UBICACI\u00d3N: Manama, Bar\u00e9in<br \/>\nUSO: HOTELER\u00cdA &#8211; Residencial<br \/>\nALCANCE: DISE\u00d1O LUM\u00cdNICO DE FACHADA &amp; PAISAJISMO<\/p>\n","protected":false},"featured_media":4773,"comment_status":"closed","ping_status":"closed","template":"","meta":{"_acf_changed":false},"product_brand":[],"product_cat":[108],"product_tag":[],"class_list":{"0":"post-6397","1":"product","2":"type-product","3":"status-publish","4":"has-post-thumbnail","6":"product_cat-proyectos","8":"first","9":"instock","10":"shipping-taxable","11":"product-type-simple"},"acf":[],"_links":{"self":[{"href":"https:\/\/umayalighting.com\/es\/wp-json\/wp\/v2\/product\/6397","targetHints":{"allow":["GET"]}}],"collection":[{"href":"https:\/\/umayalighting.com\/es\/wp-json\/wp\/v2\/product"}],"about":[{"href":"https:\/\/umayalighting.com\/es\/wp-json\/wp\/v2\/types\/product"}],"replies":[{"embeddable":true,"href":"https:\/\/umayalighting.com\/es\/wp-json\/wp\/v2\/comments?post=6397"}],"wp:featuredmedia":[{"embeddable":true,"href":"https:\/\/umayalighting.com\/es\/wp-json\/wp\/v2\/media\/4773"}],"wp:attachment":[{"href":"https:\/\/umayalighting.com\/es\/wp-json\/wp\/v2\/media?parent=6397"}],"wp:term":[{"taxonomy":"product_brand","embeddable":true,"href":"https:\/\/umayalighting.com\/es\/wp-json\/wp\/v2\/product_brand?post=6397"},{"taxonomy":"product_cat","embeddable":true,"href":"https:\/\/umayalighting.com\/es\/wp-json\/wp\/v2\/product_cat?post=6397"},{"taxonomy":"product_tag","embeddable":true,"href":"https:\/\/umayalighting.com\/es\/wp-json\/wp\/v2\/product_tag?post=6397"}],"curies":[{"name":"wp","href":"https:\/\/api.w.org\/{rel}","templated":true}]}}