{"id":6398,"date":"2023-04-24T04:15:15","date_gmt":"2023-04-24T00:15:15","guid":{"rendered":"https:\/\/umayalighting.com\/projects\/residencia-afv\/"},"modified":"2023-09-16T16:40:59","modified_gmt":"2023-09-16T12:40:59","slug":"villa-afv","status":"publish","type":"product","link":"https:\/\/umayalighting.com\/es\/projects\/villa-afv\/","title":{"rendered":"Residencia AFV"},"content":{"rendered":"<p>El dise\u00f1o de esta residencia privada se origin\u00f3 con el entrelazado de las iniciales de los propietarios, lo que dio como resultado una forma en espiral que gira en torno a un jard\u00edn central y conecta los diferentes niveles de la vivienda. Nuestro enfoque de iluminaci\u00f3n se centr\u00f3 en estas paredes en espiral, como forma revelar este gran gesto y proporcionar una iluminaci\u00f3n de ambiente general, dentro y fuera. Esta iluminaci\u00f3n de base se combin\u00f3 con acentos y elementos de iluminaci\u00f3n decorativos, lo que result\u00f3 en un esquema de iluminaci\u00f3n rico y sofisticado.<\/p>\n","protected":false},"excerpt":{"rendered":"<p>UBICACI\u00d3N: DUBAI, EMIRATOS \u00c1RABES UNIDOS<br \/>\nUSO: RESIDENCIAL PRIVADO<br \/>\nALCANCE: DISE\u00d1O LUM\u00cdNICO DE INTERIORES &amp; FACHADA<\/p>\n","protected":false},"featured_media":8319,"comment_status":"closed","ping_status":"closed","template":"","meta":{"_acf_changed":false},"product_brand":[],"product_cat":[108],"product_tag":[],"class_list":{"0":"post-6398","1":"product","2":"type-product","3":"status-publish","4":"has-post-thumbnail","6":"product_cat-proyectos","8":"first","9":"instock","10":"shipping-taxable","11":"product-type-simple"},"acf":[],"_links":{"self":[{"href":"https:\/\/umayalighting.com\/es\/wp-json\/wp\/v2\/product\/6398","targetHints":{"allow":["GET"]}}],"collection":[{"href":"https:\/\/umayalighting.com\/es\/wp-json\/wp\/v2\/product"}],"about":[{"href":"https:\/\/umayalighting.com\/es\/wp-json\/wp\/v2\/types\/product"}],"replies":[{"embeddable":true,"href":"https:\/\/umayalighting.com\/es\/wp-json\/wp\/v2\/comments?post=6398"}],"wp:featuredmedia":[{"embeddable":true,"href":"https:\/\/umayalighting.com\/es\/wp-json\/wp\/v2\/media\/8319"}],"wp:attachment":[{"href":"https:\/\/umayalighting.com\/es\/wp-json\/wp\/v2\/media?parent=6398"}],"wp:term":[{"taxonomy":"product_brand","embeddable":true,"href":"https:\/\/umayalighting.com\/es\/wp-json\/wp\/v2\/product_brand?post=6398"},{"taxonomy":"product_cat","embeddable":true,"href":"https:\/\/umayalighting.com\/es\/wp-json\/wp\/v2\/product_cat?post=6398"},{"taxonomy":"product_tag","embeddable":true,"href":"https:\/\/umayalighting.com\/es\/wp-json\/wp\/v2\/product_tag?post=6398"}],"curies":[{"name":"wp","href":"https:\/\/api.w.org\/{rel}","templated":true}]}}