{"id":6399,"date":"2023-04-24T04:15:23","date_gmt":"2023-04-24T00:15:23","guid":{"rendered":"https:\/\/umayalighting.com\/projects\/residencia-amv\/"},"modified":"2023-09-16T16:41:00","modified_gmt":"2023-09-16T12:41:00","slug":"villa-amv","status":"publish","type":"product","link":"https:\/\/umayalighting.com\/es\/projects\/villa-amv\/","title":{"rendered":"Residencia AMV"},"content":{"rendered":"<p>Los esquemas de dise\u00f1o de iluminaci\u00f3n interior y exterior para este proyecto residencial privado fueron desarrollados bajo las premisas de integraci\u00f3n y complementaci\u00f3n.<\/p>\n<p>Fuentes de luz ocultas revitalizan los espacios interiores; definiendo l\u00edmites, revelando objetivos y estableciendo una jerarqu\u00eda visual en el espacio. Los elementos decorativos de iluminaci\u00f3n complementan el dise\u00f1o de interiores y a\u00f1aden m\u00e1s capas a las habitaciones. Un esquema de control cuidadosamente planificado ofrece m\u00faltiples escenas basadas en la actividad y hora del d\u00eda, dando a los residentes pleno control sobre la iluminaci\u00f3n.<\/p>\n<p>La iluminaci\u00f3n exterior revela la arquitectura de una manera sutil y silenciosa, al delinear formas, destacar texturas e indicar direcciones. La sensaci\u00f3n general es de discreta elegancia y respeto absoluto por la arquitectura y su entorno.<\/p>\n","protected":false},"excerpt":{"rendered":"<p>UBICACI\u00d3N: DUBAI, EMIRATOS \u00c1RABES UNIDOS<br \/>\nUSO: RESIDENCIAL<br \/>\nALCANCE: DISE\u00d1O LUM\u00cdNICO DE INTERIORES &amp; FACHADA<\/p>\n","protected":false},"featured_media":9740,"comment_status":"closed","ping_status":"closed","template":"","meta":{"_acf_changed":false},"product_brand":[],"product_cat":[108],"product_tag":[],"class_list":{"0":"post-6399","1":"product","2":"type-product","3":"status-publish","4":"has-post-thumbnail","6":"product_cat-proyectos","8":"first","9":"instock","10":"shipping-taxable","11":"product-type-simple"},"acf":[],"_links":{"self":[{"href":"https:\/\/umayalighting.com\/es\/wp-json\/wp\/v2\/product\/6399","targetHints":{"allow":["GET"]}}],"collection":[{"href":"https:\/\/umayalighting.com\/es\/wp-json\/wp\/v2\/product"}],"about":[{"href":"https:\/\/umayalighting.com\/es\/wp-json\/wp\/v2\/types\/product"}],"replies":[{"embeddable":true,"href":"https:\/\/umayalighting.com\/es\/wp-json\/wp\/v2\/comments?post=6399"}],"wp:featuredmedia":[{"embeddable":true,"href":"https:\/\/umayalighting.com\/es\/wp-json\/wp\/v2\/media\/9740"}],"wp:attachment":[{"href":"https:\/\/umayalighting.com\/es\/wp-json\/wp\/v2\/media?parent=6399"}],"wp:term":[{"taxonomy":"product_brand","embeddable":true,"href":"https:\/\/umayalighting.com\/es\/wp-json\/wp\/v2\/product_brand?post=6399"},{"taxonomy":"product_cat","embeddable":true,"href":"https:\/\/umayalighting.com\/es\/wp-json\/wp\/v2\/product_cat?post=6399"},{"taxonomy":"product_tag","embeddable":true,"href":"https:\/\/umayalighting.com\/es\/wp-json\/wp\/v2\/product_tag?post=6399"}],"curies":[{"name":"wp","href":"https:\/\/api.w.org\/{rel}","templated":true}]}}