{"id":6400,"date":"2023-04-24T04:23:06","date_gmt":"2023-04-24T00:23:06","guid":{"rendered":"https:\/\/umayalighting.com\/projects\/residencia-fhr\/"},"modified":"2023-09-16T16:41:00","modified_gmt":"2023-09-16T12:41:00","slug":"villa-fhr","status":"publish","type":"product","link":"https:\/\/umayalighting.com\/es\/projects\/villa-fhr\/","title":{"rendered":"Residencia FHR"},"content":{"rendered":"<p>La construcci\u00f3n se encuentra en una amplia parcela con vistas sobre Dub\u00e1i, y fue la raz\u00f3n principal para proponer un dise\u00f1o de iluminaci\u00f3n externa que exaltara los jardines, pero manteniendo niveles de iluminaci\u00f3n discretos a fin de disfrutar de las vistas. Las principales estrategias de iluminaci\u00f3n utilizadas fueron el ba\u00f1ado suave e indirecto a lo largo de los bordes (escalones, canteros, equipamiento y plataformas) y el acento en los elementos naturales. El primero ayud\u00f3 a definir sub-espacios, y proporciona luz suficiente para moverse c\u00f3modamente. La iluminaci\u00f3n de acento se propuso en plantas y \u00e1rboles claves, creando un fondo activo y atractivos puntos focales.<\/p>\n<p>La premisa para el dise\u00f1o de iluminaci\u00f3n interior fue crear un ambiente acogedor, a la vez que destacar los detalles arquitect\u00f3nicos. Gargantas de techo en toda la casa proporcionan una luz indirecta suave, que se complementa con luz de acento sobre los elementos clave, tales como obras de arte, muebles y \u00e1reas funcionales. Varios detalles de iluminaci\u00f3n fueron desarrollados, tales como ranuras en las paredes y nichos, que mejoran la experiencia est\u00e9tica final. El efecto general es acogedor, funcional y contempor\u00e1neo.<\/p>\n","protected":false},"excerpt":{"rendered":"<p>UBICACI\u00d3N: DUBAI, EMIRATOS \u00c1RABES UNIDOS<br \/>\nUSO: RESIDENCIAL<br \/>\nALCANCE: DISE\u00d1O LUM\u00cdNICO DE INTERIORES, FACHADA Y PAISAJISMO<\/p>\n","protected":false},"featured_media":9761,"comment_status":"closed","ping_status":"closed","template":"","meta":{"_acf_changed":false},"product_brand":[],"product_cat":[108],"product_tag":[],"class_list":{"0":"post-6400","1":"product","2":"type-product","3":"status-publish","4":"has-post-thumbnail","6":"product_cat-proyectos","8":"first","9":"instock","10":"shipping-taxable","11":"product-type-simple"},"acf":[],"_links":{"self":[{"href":"https:\/\/umayalighting.com\/es\/wp-json\/wp\/v2\/product\/6400","targetHints":{"allow":["GET"]}}],"collection":[{"href":"https:\/\/umayalighting.com\/es\/wp-json\/wp\/v2\/product"}],"about":[{"href":"https:\/\/umayalighting.com\/es\/wp-json\/wp\/v2\/types\/product"}],"replies":[{"embeddable":true,"href":"https:\/\/umayalighting.com\/es\/wp-json\/wp\/v2\/comments?post=6400"}],"wp:featuredmedia":[{"embeddable":true,"href":"https:\/\/umayalighting.com\/es\/wp-json\/wp\/v2\/media\/9761"}],"wp:attachment":[{"href":"https:\/\/umayalighting.com\/es\/wp-json\/wp\/v2\/media?parent=6400"}],"wp:term":[{"taxonomy":"product_brand","embeddable":true,"href":"https:\/\/umayalighting.com\/es\/wp-json\/wp\/v2\/product_brand?post=6400"},{"taxonomy":"product_cat","embeddable":true,"href":"https:\/\/umayalighting.com\/es\/wp-json\/wp\/v2\/product_cat?post=6400"},{"taxonomy":"product_tag","embeddable":true,"href":"https:\/\/umayalighting.com\/es\/wp-json\/wp\/v2\/product_tag?post=6400"}],"curies":[{"name":"wp","href":"https:\/\/api.w.org\/{rel}","templated":true}]}}