{"id":6401,"date":"2023-04-24T04:16:51","date_gmt":"2023-04-24T00:16:51","guid":{"rendered":"https:\/\/umayalighting.com\/projects\/residencia-plp\/"},"modified":"2023-09-16T16:41:02","modified_gmt":"2023-09-16T12:41:02","slug":"villa-plp","status":"publish","type":"product","link":"https:\/\/umayalighting.com\/es\/projects\/villa-plp\/","title":{"rendered":"Residencia PLP"},"content":{"rendered":"<p>Este complejo de tres viviendas de playa se encuentra en la Perla de Qatar, en una ubicaci\u00f3n privilegiada con vistas a la bah\u00eda y la ciudad de Doha. El tema arquitect\u00f3nico, desarrollado por BEAD Architects &amp; Engineers, est\u00e1 basado en el movimiento del mar, donde las paredes onduladas estructuran el espacio y conectan las diferentes casas, respetando la independencia de cada una.<\/p>\n<p>El concepto del dise\u00f1o de iluminaci\u00f3n, tanto para las \u00e1reas internas como externas se inspir\u00f3 igualmente en la playa y el mar, y la atm\u00f3sfera relajante que estos generan. Con el fin de llevar estas ideas a la realidad, los colores del mar, los rayos solares y reflexiones se convirtieron en los principales elementos a emular. Estos fueron traducidos en estrategias de iluminaci\u00f3n mediante el uso de pantallas perforadas, objetos de iluminaci\u00f3n, efectos flotantes y cortes limpios de luz en paredes y techos. El dise\u00f1o de interiores se complement\u00f3 con una selecci\u00f3n de elementos de iluminaci\u00f3n decorativa, donde los materiales, acabados, tama\u00f1os y niveles de iluminaci\u00f3n se estudiaron cuidadosamente para lograr un entorno equilibrado y estimulante.<\/p>\n<p>La idea central de la iluminaci\u00f3n de fachada fue lograr un alto contraste entre los espacios interiores y las paredes onduladas, iluminando los vanos y resaltando la forma general del complejo.<\/p>\n<p>Todo el sistema de iluminaci\u00f3n est\u00e1 controlado por un sistema centralizado, donde las escenas y los comportamientos fueron cuidadosamente estudiados para maximizar el rendimiento del edificio y la experiencia de sus ocupantes.<\/p>\n","protected":false},"excerpt":{"rendered":"<p>UBICACI\u00d3N: Doha, Qatar<br \/>\nUSO: RESIDENCIAL<br \/>\nALCANCE: DISE\u00d1O LUM\u00cdNICO DE INTERIORES, EXTERIORES, FACHADA<br \/>\n&amp; PAISAJISMO<\/p>\n","protected":false},"featured_media":9806,"comment_status":"closed","ping_status":"closed","template":"","meta":{"_acf_changed":false},"product_brand":[],"product_cat":[108],"product_tag":[],"class_list":{"0":"post-6401","1":"product","2":"type-product","3":"status-publish","4":"has-post-thumbnail","6":"product_cat-proyectos","8":"first","9":"instock","10":"shipping-taxable","11":"product-type-simple"},"acf":[],"_links":{"self":[{"href":"https:\/\/umayalighting.com\/es\/wp-json\/wp\/v2\/product\/6401","targetHints":{"allow":["GET"]}}],"collection":[{"href":"https:\/\/umayalighting.com\/es\/wp-json\/wp\/v2\/product"}],"about":[{"href":"https:\/\/umayalighting.com\/es\/wp-json\/wp\/v2\/types\/product"}],"replies":[{"embeddable":true,"href":"https:\/\/umayalighting.com\/es\/wp-json\/wp\/v2\/comments?post=6401"}],"wp:featuredmedia":[{"embeddable":true,"href":"https:\/\/umayalighting.com\/es\/wp-json\/wp\/v2\/media\/9806"}],"wp:attachment":[{"href":"https:\/\/umayalighting.com\/es\/wp-json\/wp\/v2\/media?parent=6401"}],"wp:term":[{"taxonomy":"product_brand","embeddable":true,"href":"https:\/\/umayalighting.com\/es\/wp-json\/wp\/v2\/product_brand?post=6401"},{"taxonomy":"product_cat","embeddable":true,"href":"https:\/\/umayalighting.com\/es\/wp-json\/wp\/v2\/product_cat?post=6401"},{"taxonomy":"product_tag","embeddable":true,"href":"https:\/\/umayalighting.com\/es\/wp-json\/wp\/v2\/product_tag?post=6401"}],"curies":[{"name":"wp","href":"https:\/\/api.w.org\/{rel}","templated":true}]}}