{"id":6402,"date":"2023-04-24T04:22:27","date_gmt":"2023-04-24T00:22:27","guid":{"rendered":"https:\/\/umayalighting.com\/projects\/residencia-skv\/"},"modified":"2023-09-16T16:41:02","modified_gmt":"2023-09-16T12:41:02","slug":"villa-skv","status":"publish","type":"product","link":"https:\/\/umayalighting.com\/es\/projects\/villa-skv\/","title":{"rendered":"Residencia SKV"},"content":{"rendered":"<p>La disposici\u00f3n volum\u00e9trica exterior, con su geometr\u00eda asim\u00e9trica de l\u00edneas rectas, cuadrados y rect\u00e1ngulos, se asemeja a una obra maestra del movimiento De Stijl. Como arquitectos de la iluminaci\u00f3n, esta fue nuestra principal consideraci\u00f3n al proponer la iluminaci\u00f3n de la fachada. La luz, en t\u00e9rminos de energ\u00eda visual, fue estrat\u00e9gicamente ubicada en bordes, ranuras y planos, para mostrar el gesto de los distintos vol\u00famenes que componen la residencia, sin pasar por alto las necesidades funcionales de iluminaci\u00f3n.<\/p>\n<p>El desaf\u00edo t\u00e9cnico consisti\u00f3 en integrar la arquitectura con el equipamiento de iluminaci\u00f3n, para dar la sensaci\u00f3n de que la luz fuera emitida desde el interior del edificio y no proyectada sobre \u00e9l. Ranuras especiales y nichos fueron dise\u00f1ados para albergar los dispositivos lum\u00ednicos y ocultarlos de la vista, haciendo hincapi\u00e9 en el concepto visual de objetos radiantes.<\/p>\n<p>El efecto de silueta fue una herramienta \u00fatil y creativa para complementar nuestra estrategia global. Un objeto a contraluz se muestra oscuro contra un fondo claro, revelando su forma. Esto permite separar el sujeto del fondo, creando una percepci\u00f3n m\u00e1s profunda del espacio. En t\u00e9rminos pr\u00e1cticos, la luz reflejada difusa sirve como luz funcional para fines de orientaci\u00f3n y de circulaci\u00f3n.<\/p>\n","protected":false},"excerpt":{"rendered":"<p>UBICACI\u00d3N: ABU DHABI, EMIRATOS \u00c1RABES UNIDOS<br \/>\nUSO: RESIDENCIAL<br \/>\nALCANCE: DISE\u00d1O LUM\u00cdNICO DE FACHADA<\/p>\n","protected":false},"featured_media":9814,"comment_status":"closed","ping_status":"closed","template":"","meta":{"_acf_changed":false},"product_brand":[],"product_cat":[108],"product_tag":[],"class_list":{"0":"post-6402","1":"product","2":"type-product","3":"status-publish","4":"has-post-thumbnail","6":"product_cat-proyectos","8":"first","9":"instock","10":"shipping-taxable","11":"product-type-simple"},"acf":[],"_links":{"self":[{"href":"https:\/\/umayalighting.com\/es\/wp-json\/wp\/v2\/product\/6402","targetHints":{"allow":["GET"]}}],"collection":[{"href":"https:\/\/umayalighting.com\/es\/wp-json\/wp\/v2\/product"}],"about":[{"href":"https:\/\/umayalighting.com\/es\/wp-json\/wp\/v2\/types\/product"}],"replies":[{"embeddable":true,"href":"https:\/\/umayalighting.com\/es\/wp-json\/wp\/v2\/comments?post=6402"}],"wp:featuredmedia":[{"embeddable":true,"href":"https:\/\/umayalighting.com\/es\/wp-json\/wp\/v2\/media\/9814"}],"wp:attachment":[{"href":"https:\/\/umayalighting.com\/es\/wp-json\/wp\/v2\/media?parent=6402"}],"wp:term":[{"taxonomy":"product_brand","embeddable":true,"href":"https:\/\/umayalighting.com\/es\/wp-json\/wp\/v2\/product_brand?post=6402"},{"taxonomy":"product_cat","embeddable":true,"href":"https:\/\/umayalighting.com\/es\/wp-json\/wp\/v2\/product_cat?post=6402"},{"taxonomy":"product_tag","embeddable":true,"href":"https:\/\/umayalighting.com\/es\/wp-json\/wp\/v2\/product_tag?post=6402"}],"curies":[{"name":"wp","href":"https:\/\/api.w.org\/{rel}","templated":true}]}}