{"id":6404,"date":"2023-04-24T04:15:07","date_gmt":"2023-04-24T00:15:07","guid":{"rendered":"https:\/\/umayalighting.com\/projects\/restaurante-voi\/"},"modified":"2023-09-16T16:41:02","modified_gmt":"2023-09-16T12:41:02","slug":"vi-restaurant","status":"publish","type":"product","link":"https:\/\/umayalighting.com\/es\/projects\/vi-restaurant\/","title":{"rendered":"Restaurante V\u00f4i"},"content":{"rendered":"<p>Este restaurante se inspir\u00f3 en el sudeste asi\u00e1tico colonial franc\u00e9s de 1920. El dise\u00f1o de interiores presenta techos altos, paredes blancas, muebles lacados en negro y espejos de piso a techo. Nuestro esquema de dise\u00f1o de iluminaci\u00f3n tuvo como objetivo enaltecer este ambiente, creando una atm\u00f3sfera n\u00edtida y brillante. Los downlights empotrados proporcionan una iluminaci\u00f3n uniforme y sin deslumbramiento, al tiempo que evitan reflejos inc\u00f3modos provenientes de los numerosos espejos. El escenario se complement\u00f3 a\u00fan m\u00e1s con el uso de ara\u00f1as de cristal que evocan este per\u00edodo en el tiempo.<\/p>\n","protected":false},"excerpt":{"rendered":"<p>UBICACI\u00d3N: DUBAI, EMIRATOS \u00c1RABES UNIDOS<br \/>\nUSO: GASTRONOM\u00cdA<br \/>\nALCANCE: DISE\u00d1O LUM\u00cdNICO DE INTERIORES<\/p>\n","protected":false},"featured_media":9504,"comment_status":"closed","ping_status":"closed","template":"","meta":{"_acf_changed":false},"product_brand":[],"product_cat":[108],"product_tag":[],"class_list":{"0":"post-6404","1":"product","2":"type-product","3":"status-publish","4":"has-post-thumbnail","6":"product_cat-proyectos","8":"first","9":"instock","10":"shipping-taxable","11":"product-type-simple"},"acf":[],"_links":{"self":[{"href":"https:\/\/umayalighting.com\/es\/wp-json\/wp\/v2\/product\/6404","targetHints":{"allow":["GET"]}}],"collection":[{"href":"https:\/\/umayalighting.com\/es\/wp-json\/wp\/v2\/product"}],"about":[{"href":"https:\/\/umayalighting.com\/es\/wp-json\/wp\/v2\/types\/product"}],"replies":[{"embeddable":true,"href":"https:\/\/umayalighting.com\/es\/wp-json\/wp\/v2\/comments?post=6404"}],"wp:featuredmedia":[{"embeddable":true,"href":"https:\/\/umayalighting.com\/es\/wp-json\/wp\/v2\/media\/9504"}],"wp:attachment":[{"href":"https:\/\/umayalighting.com\/es\/wp-json\/wp\/v2\/media?parent=6404"}],"wp:term":[{"taxonomy":"product_brand","embeddable":true,"href":"https:\/\/umayalighting.com\/es\/wp-json\/wp\/v2\/product_brand?post=6404"},{"taxonomy":"product_cat","embeddable":true,"href":"https:\/\/umayalighting.com\/es\/wp-json\/wp\/v2\/product_cat?post=6404"},{"taxonomy":"product_tag","embeddable":true,"href":"https:\/\/umayalighting.com\/es\/wp-json\/wp\/v2\/product_tag?post=6404"}],"curies":[{"name":"wp","href":"https:\/\/api.w.org\/{rel}","templated":true}]}}