{"id":6405,"date":"2023-04-24T04:26:08","date_gmt":"2023-04-24T00:26:08","guid":{"rendered":"https:\/\/umayalighting.com\/projects\/hotel-yasmeen-rotana\/"},"modified":"2023-09-16T16:41:02","modified_gmt":"2023-09-16T12:41:02","slug":"yasmeen-rotana-hotel","status":"publish","type":"product","link":"https:\/\/umayalighting.com\/es\/projects\/yasmeen-rotana-hotel\/","title":{"rendered":"Hotel Yasmeen Rotana"},"content":{"rendered":"<p>El cl\u00e1sico esquema tripartito fue la directriz principal de la propuesta de iluminaci\u00f3n.<\/p>\n<p>Tanto la base como la parte superior fueron tratadas como zonas de alto nivel lum\u00ednico, con el fin de subrayar la volumetr\u00eda del edificio y su presencia en el \u00e1rea. La zona intermedia se plane\u00f3 entonces como una zona de luz tenue, con un fuerte enfoque en los detalles arquitect\u00f3nicos, enalteciendo la apariencia general del hotel.<\/p>\n<p>Esta rigurosa estrategia de iluminaci\u00f3n fue enriquecida con el uso de luz c\u00e1lida para acentuar el tono dorado de la piedra. Por \u00faltimo, un efecto linterna roja en la parte superior del edificio ofrece una an\u00e9cdota contrastante y contempor\u00e1nea, trayendo al hotel a nuestros d\u00edas.<\/p>\n","protected":false},"excerpt":{"rendered":"<p>UBICACI\u00d3N: DAMASCO, SIRIA<br \/>\nUSO: HOTELER\u00cdA<br \/>\nALCANCE: DISE\u00d1O LUM\u00cdNICO DE EXTERIORES &amp; FACHADA<\/p>\n","protected":false},"featured_media":7750,"comment_status":"closed","ping_status":"closed","template":"","meta":{"_acf_changed":false},"product_brand":[],"product_cat":[108],"product_tag":[],"class_list":{"0":"post-6405","1":"product","2":"type-product","3":"status-publish","4":"has-post-thumbnail","6":"product_cat-proyectos","8":"first","9":"instock","10":"shipping-taxable","11":"product-type-simple"},"acf":[],"_links":{"self":[{"href":"https:\/\/umayalighting.com\/es\/wp-json\/wp\/v2\/product\/6405","targetHints":{"allow":["GET"]}}],"collection":[{"href":"https:\/\/umayalighting.com\/es\/wp-json\/wp\/v2\/product"}],"about":[{"href":"https:\/\/umayalighting.com\/es\/wp-json\/wp\/v2\/types\/product"}],"replies":[{"embeddable":true,"href":"https:\/\/umayalighting.com\/es\/wp-json\/wp\/v2\/comments?post=6405"}],"wp:featuredmedia":[{"embeddable":true,"href":"https:\/\/umayalighting.com\/es\/wp-json\/wp\/v2\/media\/7750"}],"wp:attachment":[{"href":"https:\/\/umayalighting.com\/es\/wp-json\/wp\/v2\/media?parent=6405"}],"wp:term":[{"taxonomy":"product_brand","embeddable":true,"href":"https:\/\/umayalighting.com\/es\/wp-json\/wp\/v2\/product_brand?post=6405"},{"taxonomy":"product_cat","embeddable":true,"href":"https:\/\/umayalighting.com\/es\/wp-json\/wp\/v2\/product_cat?post=6405"},{"taxonomy":"product_tag","embeddable":true,"href":"https:\/\/umayalighting.com\/es\/wp-json\/wp\/v2\/product_tag?post=6405"}],"curies":[{"name":"wp","href":"https:\/\/api.w.org\/{rel}","templated":true}]}}