{"id":6406,"date":"2023-04-24T04:12:25","date_gmt":"2023-04-24T00:12:25","guid":{"rendered":"https:\/\/umayalighting.com\/projects\/torre-paramount\/"},"modified":"2023-09-16T16:41:03","modified_gmt":"2023-09-16T12:41:03","slug":"paramount-tower","status":"publish","type":"product","link":"https:\/\/umayalighting.com\/es\/projects\/paramount-tower\/","title":{"rendered":"Torre Paramount"},"content":{"rendered":"<p>Tanto la arquitectura del edificio como la connotaci\u00f3n de la marca e historia de Paramount fueron consideradas al desarrollar el concepto de iluminaci\u00f3n de esta fachada. El enfoque del esquema lum\u00ednico se bas\u00f3 en dos caracter\u00edsticas arquitect\u00f3nicas clave; el podio, punto focal principal a nivel de calle y la coronaci\u00f3n, centro de atracci\u00f3n a la distancia.<\/p>\n<p>El concepto se inspir\u00f3 en las marquesinas de cine y teatro, elementos emblem\u00e1ticos de Hollywood durante el per\u00edodo Art Deco hasta el d\u00eda de hoy. Una grilla cuidadosamente estudiada de l\u00e1mparas refleja la esencia teatral y de entretenimiento de Paramount, a la vez que celebra la arquitectura de la torre.<\/p>\n","protected":false},"excerpt":{"rendered":"<p>UBICACI\u00d3N: DUBAI, EMIRATOS \u00c1RABES UNIDOS<br \/>\nUSO: HOTELER\u00cdA &#8211; GRAN ALTURA<br \/>\nALCANCE: DISE\u00d1O LUM\u00cdNICO DE FACHADA<\/p>\n","protected":false},"featured_media":9063,"comment_status":"closed","ping_status":"closed","template":"","meta":{"_acf_changed":false},"product_brand":[],"product_cat":[108],"product_tag":[],"class_list":{"0":"post-6406","1":"product","2":"type-product","3":"status-publish","4":"has-post-thumbnail","6":"product_cat-proyectos","8":"first","9":"instock","10":"shipping-taxable","11":"product-type-simple"},"acf":[],"_links":{"self":[{"href":"https:\/\/umayalighting.com\/es\/wp-json\/wp\/v2\/product\/6406","targetHints":{"allow":["GET"]}}],"collection":[{"href":"https:\/\/umayalighting.com\/es\/wp-json\/wp\/v2\/product"}],"about":[{"href":"https:\/\/umayalighting.com\/es\/wp-json\/wp\/v2\/types\/product"}],"replies":[{"embeddable":true,"href":"https:\/\/umayalighting.com\/es\/wp-json\/wp\/v2\/comments?post=6406"}],"wp:featuredmedia":[{"embeddable":true,"href":"https:\/\/umayalighting.com\/es\/wp-json\/wp\/v2\/media\/9063"}],"wp:attachment":[{"href":"https:\/\/umayalighting.com\/es\/wp-json\/wp\/v2\/media?parent=6406"}],"wp:term":[{"taxonomy":"product_brand","embeddable":true,"href":"https:\/\/umayalighting.com\/es\/wp-json\/wp\/v2\/product_brand?post=6406"},{"taxonomy":"product_cat","embeddable":true,"href":"https:\/\/umayalighting.com\/es\/wp-json\/wp\/v2\/product_cat?post=6406"},{"taxonomy":"product_tag","embeddable":true,"href":"https:\/\/umayalighting.com\/es\/wp-json\/wp\/v2\/product_tag?post=6406"}],"curies":[{"name":"wp","href":"https:\/\/api.w.org\/{rel}","templated":true}]}}