{"id":6407,"date":"2023-04-24T04:13:31","date_gmt":"2023-04-24T00:13:31","guid":{"rendered":"https:\/\/umayalighting.com\/projects\/restaurante-masale\/"},"modified":"2023-09-16T16:41:03","modified_gmt":"2023-09-16T12:41:03","slug":"masale-restaurant","status":"publish","type":"product","link":"https:\/\/umayalighting.com\/es\/projects\/masale-restaurant\/","title":{"rendered":"Restaurante Masale"},"content":{"rendered":"<p>El esquema de iluminaci\u00f3n desarrollado para este local gastron\u00f3mico se centr\u00f3 principalmente en jugar con los contrastes, para lograr una sensaci\u00f3n de intimidad y misterio, evocando a un antiguo restaurante hind\u00fa. Las superficies verticales se iluminaron para realzar la madera, la piedra y la llamativa gr\u00e1fica, delimitando el espacio e invitando a los visitantes a entrar. La iluminaci\u00f3n funcional se ocult\u00f3 dentro de la carpinter\u00eda, evitando toda contaminaci\u00f3n est\u00e9tica y proporcionando los niveles lum\u00ednicos necesarios. Por \u00faltimo, las luminarias decorativas de estilo industrial proporcionan acento en las mesas, definiendo sub-espacios m\u00e1s \u00edntimos y complementando la ambientaci\u00f3n del restaurante.<\/p>\n","protected":false},"excerpt":{"rendered":"<p>UBICACI\u00d3N: DUBAI, EMIRATOS \u00c1RABES UNIDOS<br \/>\nUSO: GASTRONOM\u00cdA<br \/>\nALCANCE: DISE\u00d1O LUM\u00cdNICO DE INTERIORES<\/p>\n","protected":false},"featured_media":7989,"comment_status":"closed","ping_status":"closed","template":"","meta":{"_acf_changed":false},"product_brand":[],"product_cat":[108],"product_tag":[],"class_list":{"0":"post-6407","1":"product","2":"type-product","3":"status-publish","4":"has-post-thumbnail","6":"product_cat-proyectos","8":"first","9":"instock","10":"shipping-taxable","11":"product-type-simple"},"acf":[],"_links":{"self":[{"href":"https:\/\/umayalighting.com\/es\/wp-json\/wp\/v2\/product\/6407","targetHints":{"allow":["GET"]}}],"collection":[{"href":"https:\/\/umayalighting.com\/es\/wp-json\/wp\/v2\/product"}],"about":[{"href":"https:\/\/umayalighting.com\/es\/wp-json\/wp\/v2\/types\/product"}],"replies":[{"embeddable":true,"href":"https:\/\/umayalighting.com\/es\/wp-json\/wp\/v2\/comments?post=6407"}],"wp:featuredmedia":[{"embeddable":true,"href":"https:\/\/umayalighting.com\/es\/wp-json\/wp\/v2\/media\/7989"}],"wp:attachment":[{"href":"https:\/\/umayalighting.com\/es\/wp-json\/wp\/v2\/media?parent=6407"}],"wp:term":[{"taxonomy":"product_brand","embeddable":true,"href":"https:\/\/umayalighting.com\/es\/wp-json\/wp\/v2\/product_brand?post=6407"},{"taxonomy":"product_cat","embeddable":true,"href":"https:\/\/umayalighting.com\/es\/wp-json\/wp\/v2\/product_cat?post=6407"},{"taxonomy":"product_tag","embeddable":true,"href":"https:\/\/umayalighting.com\/es\/wp-json\/wp\/v2\/product_tag?post=6407"}],"curies":[{"name":"wp","href":"https:\/\/api.w.org\/{rel}","templated":true}]}}