{"id":6408,"date":"2023-04-24T04:05:32","date_gmt":"2023-04-24T00:05:32","guid":{"rendered":"https:\/\/umayalighting.com\/projects\/santa-maria-court\/"},"modified":"2023-09-16T16:41:03","modified_gmt":"2023-09-16T12:41:03","slug":"santa-maria-court","status":"publish","type":"product","link":"https:\/\/umayalighting.com\/es\/projects\/santa-maria-court\/","title":{"rendered":"Santa Mar\u00eda Court"},"content":{"rendered":"<p>Estas torres comprenden apartamentos residenciales de alta gama en el desarrollo urbano Santa Mar\u00eda en Panam\u00e1. El esquema de iluminaci\u00f3n exterior transmite la idea de lujo discreto, al enfocarse en la experiencia de llegada, los principales detalles arquitect\u00f3nicos y el coronamiento superior. Las \u00e1reas interiores se desarrollaron como espacios de hoteler\u00eda, con m\u00faltiples capas de luz que proporcionaron a los residentes una sensaci\u00f3n de indulgencia y bienestar.<\/p>\n","protected":false},"excerpt":{"rendered":"<p>UBICACI\u00d3N: Ciudad de Panam\u00e1, Panam\u00e1<br \/>\nUSO: RESIDENCIAL<br \/>\nALCANCE: DISE\u00d1O LUM\u00cdNICO DE INTERIORES &amp; FACHADA<\/p>\n","protected":false},"featured_media":9734,"comment_status":"closed","ping_status":"closed","template":"","meta":{"_acf_changed":false},"product_brand":[],"product_cat":[108],"product_tag":[],"class_list":{"0":"post-6408","1":"product","2":"type-product","3":"status-publish","4":"has-post-thumbnail","6":"product_cat-proyectos","8":"first","9":"instock","10":"shipping-taxable","11":"product-type-simple"},"acf":[],"_links":{"self":[{"href":"https:\/\/umayalighting.com\/es\/wp-json\/wp\/v2\/product\/6408","targetHints":{"allow":["GET"]}}],"collection":[{"href":"https:\/\/umayalighting.com\/es\/wp-json\/wp\/v2\/product"}],"about":[{"href":"https:\/\/umayalighting.com\/es\/wp-json\/wp\/v2\/types\/product"}],"replies":[{"embeddable":true,"href":"https:\/\/umayalighting.com\/es\/wp-json\/wp\/v2\/comments?post=6408"}],"wp:featuredmedia":[{"embeddable":true,"href":"https:\/\/umayalighting.com\/es\/wp-json\/wp\/v2\/media\/9734"}],"wp:attachment":[{"href":"https:\/\/umayalighting.com\/es\/wp-json\/wp\/v2\/media?parent=6408"}],"wp:term":[{"taxonomy":"product_brand","embeddable":true,"href":"https:\/\/umayalighting.com\/es\/wp-json\/wp\/v2\/product_brand?post=6408"},{"taxonomy":"product_cat","embeddable":true,"href":"https:\/\/umayalighting.com\/es\/wp-json\/wp\/v2\/product_cat?post=6408"},{"taxonomy":"product_tag","embeddable":true,"href":"https:\/\/umayalighting.com\/es\/wp-json\/wp\/v2\/product_tag?post=6408"}],"curies":[{"name":"wp","href":"https:\/\/api.w.org\/{rel}","templated":true}]}}