{"id":6428,"date":"2023-04-24T04:16:38","date_gmt":"2023-04-24T00:16:38","guid":{"rendered":"https:\/\/umayalighting.com\/projects\/torre-damac-heights\/"},"modified":"2023-09-16T16:41:03","modified_gmt":"2023-09-16T12:41:03","slug":"damac-heights-tower","status":"publish","type":"product","link":"https:\/\/umayalighting.com\/es\/projects\/damac-heights-tower\/","title":{"rendered":"Torre Damac Heights"},"content":{"rendered":"<p>Construido sobre la costa de Dub\u00e1i, esta torre residencial se eleva 86 pisos en el cielo, y ofrece vistas panor\u00e1micas del oc\u00e9ano y Palm Jumeirah.<\/p>\n<p>La iluminaci\u00f3n de fachada se bas\u00f3 en la idea de un faro, utilizado como elemento de referencia durante la noche para orientar a los navegantes en el mar. Los pisos mec\u00e1nicos superiores y celos\u00edas del techo se iluminaron desde el interior para transmitir esta misma idea, creando un brillo sutil en la cima de la torre. Un efecto din\u00e1mico lineal en ambos lados del edificio a\u00f1ade vitalidad a la composici\u00f3n visual, mientras que resalta la forma y gesto del edificio.<\/p>\n<p>El resultado es un esquema de iluminaci\u00f3n atractivo y elegante, que refuerza la presencia de la torre en la costa, al mismo tiempo que garantiza a los residentes una inexistente perturbaci\u00f3n visual.<\/p>\n","protected":false},"excerpt":{"rendered":"<p>UBICACI\u00d3N: DUBAI, EMIRATOS \u00c1RABES UNIDOS<br \/>\nUSO: GRAN ALTURA &#8211; RESIDENCIAL<br \/>\nALCANCE: DISE\u00d1O LUM\u00cdNICO DE FACHADA<\/p>\n","protected":false},"featured_media":8240,"comment_status":"closed","ping_status":"closed","template":"","meta":{"_acf_changed":false},"product_brand":[],"product_cat":[108],"product_tag":[],"class_list":{"0":"post-6428","1":"product","2":"type-product","3":"status-publish","4":"has-post-thumbnail","6":"product_cat-proyectos","8":"first","9":"instock","10":"shipping-taxable","11":"product-type-simple"},"acf":[],"_links":{"self":[{"href":"https:\/\/umayalighting.com\/es\/wp-json\/wp\/v2\/product\/6428","targetHints":{"allow":["GET"]}}],"collection":[{"href":"https:\/\/umayalighting.com\/es\/wp-json\/wp\/v2\/product"}],"about":[{"href":"https:\/\/umayalighting.com\/es\/wp-json\/wp\/v2\/types\/product"}],"replies":[{"embeddable":true,"href":"https:\/\/umayalighting.com\/es\/wp-json\/wp\/v2\/comments?post=6428"}],"wp:featuredmedia":[{"embeddable":true,"href":"https:\/\/umayalighting.com\/es\/wp-json\/wp\/v2\/media\/8240"}],"wp:attachment":[{"href":"https:\/\/umayalighting.com\/es\/wp-json\/wp\/v2\/media?parent=6428"}],"wp:term":[{"taxonomy":"product_brand","embeddable":true,"href":"https:\/\/umayalighting.com\/es\/wp-json\/wp\/v2\/product_brand?post=6428"},{"taxonomy":"product_cat","embeddable":true,"href":"https:\/\/umayalighting.com\/es\/wp-json\/wp\/v2\/product_cat?post=6428"},{"taxonomy":"product_tag","embeddable":true,"href":"https:\/\/umayalighting.com\/es\/wp-json\/wp\/v2\/product_tag?post=6428"}],"curies":[{"name":"wp","href":"https:\/\/api.w.org\/{rel}","templated":true}]}}