{"id":6429,"date":"2023-04-24T04:10:24","date_gmt":"2023-04-24T00:10:24","guid":{"rendered":"https:\/\/umayalighting.com\/projects\/flamingos\/"},"modified":"2023-09-16T16:41:03","modified_gmt":"2023-09-16T12:41:03","slug":"villa-sjv","status":"publish","type":"product","link":"https:\/\/umayalighting.com\/es\/projects\/villa-sjv\/","title":{"rendered":"Flamingos"},"content":{"rendered":"<p>El estudio del dise\u00f1o de iluminaci\u00f3n se centr\u00f3 en los componentes arquitect\u00f3nicos de la fachada para mostrar esta prestigiosa villa como un punto de referencia en los alrededores sin comprometer su estilo residencial.<\/p>\n<p>El concepto de iluminaci\u00f3n ley\u00f3 la arquitectura y acentu\u00f3 el vocabulario de los elementos de dise\u00f1o, como columnas, arcos, etc., para mostrar la composici\u00f3n de estos elementos como una estructura monol\u00edtica.<\/p>\n<p>Las condiciones existentes eran complejas y permit\u00edan tener un esquema de iluminaci\u00f3n suficiente para las \u00e1reas de la planta baja, mientras que el nivel del primer piso se vio afectado principalmente por el derrame de luz interior que contribuy\u00f3 a mejorar las relaciones de contraste. La iluminaci\u00f3n t\u00e9cnica prevista mejor\u00f3 el rendimiento visual y aument\u00f3 los niveles de LUX conseguidos.<\/p>\n<p>El dise\u00f1o paisaj\u00edstico a nivel del suelo juega un papel esencial al invitar al residente\/visitante a explorar los alrededores, al tiempo que muestra una conexi\u00f3n est\u00e9tica y funcional adecuada con la configuraci\u00f3n de la fachada. La iluminaci\u00f3n del paisaje tuvo una cierta interacci\u00f3n con la fachada y el esquema de control relevante se plane\u00f3 deliberadamente para resonar con el esquema nocturno general para lograr una atm\u00f3sfera equilibrada.<\/p>\n<p>El esquema de dise\u00f1o de iluminaci\u00f3n acentu\u00f3 las \u00e1reas focales donde se requer\u00eda reconocimiento facial y detecci\u00f3n de detalles. La configuraci\u00f3n de iluminaci\u00f3n baja, que formaba parte de las condiciones existentes, proporcion\u00f3 el nivel m\u00ednimo para la indicaci\u00f3n de \u00e1reas para caminar y con fines de seguridad, como las escaleras o cerca del borde de la piscina. El alcance de la iluminaci\u00f3n se concentr\u00f3 en mejorar la iluminaci\u00f3n existente proporcionando configuraciones medias y altas para las zonas potenciales. El esquema consider\u00f3 los diferentes patrones de uso, ya sea como una bienvenida VIP formal a los invitados o un paseo diario regular por el paisaje.<\/p>\n<p>El punto principal de este estudio, adem\u00e1s de la mejora de los niveles de iluminancia, fue asegurarse de que la parte de control en t\u00e9rminos de agrupaci\u00f3n y comportamientos estuviera bien definida para que la parte de automatizaci\u00f3n pudiera compilar tanto los esquemas de fachada como de paisaje dentro de una cantidad razonable de tiempo. escenas configurables por los usuarios finales. Mientras tanto, este sistema segu\u00eda siendo flexible y pod\u00eda ser anulado por el personal de operaciones cuando fuera conveniente.<\/p>\n<p>El \u00e9nfasis en las plantaciones de baja altura, como arbustos, matorrales y setos que utilizan luces escalonadas (luz de luna), cre\u00f3 una atm\u00f3sfera ambiental que contribuy\u00f3 a los bajos niveles de iluminaci\u00f3n. La intensidad de la luz en el tronco de las palmeras se extend\u00eda suavemente hacia la parte superior del dosel, donde las hojas actuaban como un reflector natural de luz hacia las \u00e1reas adyacentes. En combinaci\u00f3n con las palmeras de cuatro metros de altura se planificaron niveles de iluminaci\u00f3n medios y altos.<\/p>\n<p>Los cuerpos de agua como la piscina central, fuentes, chorros de agua y la cascada a lo largo del camino de entrada secundaria fueron elementos vitales dentro del plan paisaj\u00edstico. El lavado del suelo de la piscina revel\u00f3 los patrones alrededor de las macetas y defini\u00f3 las l\u00edneas delimitadoras entrelazadas de la piscina. Se consider\u00f3 un nivel m\u00ednimo de iluminaci\u00f3n para mantener el contraste con el entorno adyacente y mantener la atenci\u00f3n en los puntos focales.<\/p>\n","protected":false},"excerpt":{"rendered":"<p>UBICACI\u00d3N: DUBAI, EMIRATOS \u00c1RABES UNIDOS<br \/>\nUSO: RESIDENCIAL<br \/>\nALCANCE: DISE\u00d1O LUM\u00cdNICO DE FACHADA &amp; PAISAJISMO<\/p>\n","protected":false},"featured_media":8269,"comment_status":"closed","ping_status":"closed","template":"","meta":{"_acf_changed":false},"product_brand":[],"product_cat":[108],"product_tag":[],"class_list":{"0":"post-6429","1":"product","2":"type-product","3":"status-publish","4":"has-post-thumbnail","6":"product_cat-proyectos","8":"first","9":"instock","10":"shipping-taxable","11":"product-type-simple"},"acf":[],"_links":{"self":[{"href":"https:\/\/umayalighting.com\/es\/wp-json\/wp\/v2\/product\/6429","targetHints":{"allow":["GET"]}}],"collection":[{"href":"https:\/\/umayalighting.com\/es\/wp-json\/wp\/v2\/product"}],"about":[{"href":"https:\/\/umayalighting.com\/es\/wp-json\/wp\/v2\/types\/product"}],"replies":[{"embeddable":true,"href":"https:\/\/umayalighting.com\/es\/wp-json\/wp\/v2\/comments?post=6429"}],"wp:featuredmedia":[{"embeddable":true,"href":"https:\/\/umayalighting.com\/es\/wp-json\/wp\/v2\/media\/8269"}],"wp:attachment":[{"href":"https:\/\/umayalighting.com\/es\/wp-json\/wp\/v2\/media?parent=6429"}],"wp:term":[{"taxonomy":"product_brand","embeddable":true,"href":"https:\/\/umayalighting.com\/es\/wp-json\/wp\/v2\/product_brand?post=6429"},{"taxonomy":"product_cat","embeddable":true,"href":"https:\/\/umayalighting.com\/es\/wp-json\/wp\/v2\/product_cat?post=6429"},{"taxonomy":"product_tag","embeddable":true,"href":"https:\/\/umayalighting.com\/es\/wp-json\/wp\/v2\/product_tag?post=6429"}],"curies":[{"name":"wp","href":"https:\/\/api.w.org\/{rel}","templated":true}]}}