{"id":6430,"date":"2023-04-24T03:58:06","date_gmt":"2023-04-23T23:58:06","guid":{"rendered":"https:\/\/umayalighting.com\/projects\/restaurante-flamingos\/"},"modified":"2023-09-16T16:41:03","modified_gmt":"2023-09-16T12:41:03","slug":"flamingos-restaurant","status":"publish","type":"product","link":"https:\/\/umayalighting.com\/es\/projects\/flamingos-restaurant\/","title":{"rendered":"Restaurante Flamingos"},"content":{"rendered":"<p>Rodeado de palmeras y con vista al mar, Flamingos es el restaurante con piscina propia por excelencia. El dise\u00f1o de iluminaci\u00f3n se compuso principalmente de artefactos de iluminaci\u00f3n m\u00f3viles de baja altura, que crean un ambiente distendido y permiten flexibilidad a la hora de reorganizar el mobiliario. Las glorietas de forma org\u00e1nica se iluminaron suavemente para convertirse en piezas de anclaje, al igual que la vegetaci\u00f3n clave y el muro verde de fondo.<\/p>\n","protected":false},"excerpt":{"rendered":"<p>UBICACI\u00d3N: Doha, Qatar<br \/>\nUSO: GASTRONOM\u00cdA<br \/>\nALCANCE: DISE\u00d1O LUM\u00cdNICO DE INTERIORES<\/p>\n","protected":false},"featured_media":9432,"comment_status":"closed","ping_status":"closed","template":"","meta":{"_acf_changed":false},"product_brand":[],"product_cat":[108],"product_tag":[],"class_list":{"0":"post-6430","1":"product","2":"type-product","3":"status-publish","4":"has-post-thumbnail","6":"product_cat-proyectos","8":"first","9":"instock","10":"shipping-taxable","11":"product-type-simple"},"acf":[],"_links":{"self":[{"href":"https:\/\/umayalighting.com\/es\/wp-json\/wp\/v2\/product\/6430","targetHints":{"allow":["GET"]}}],"collection":[{"href":"https:\/\/umayalighting.com\/es\/wp-json\/wp\/v2\/product"}],"about":[{"href":"https:\/\/umayalighting.com\/es\/wp-json\/wp\/v2\/types\/product"}],"replies":[{"embeddable":true,"href":"https:\/\/umayalighting.com\/es\/wp-json\/wp\/v2\/comments?post=6430"}],"wp:featuredmedia":[{"embeddable":true,"href":"https:\/\/umayalighting.com\/es\/wp-json\/wp\/v2\/media\/9432"}],"wp:attachment":[{"href":"https:\/\/umayalighting.com\/es\/wp-json\/wp\/v2\/media?parent=6430"}],"wp:term":[{"taxonomy":"product_brand","embeddable":true,"href":"https:\/\/umayalighting.com\/es\/wp-json\/wp\/v2\/product_brand?post=6430"},{"taxonomy":"product_cat","embeddable":true,"href":"https:\/\/umayalighting.com\/es\/wp-json\/wp\/v2\/product_cat?post=6430"},{"taxonomy":"product_tag","embeddable":true,"href":"https:\/\/umayalighting.com\/es\/wp-json\/wp\/v2\/product_tag?post=6430"}],"curies":[{"name":"wp","href":"https:\/\/api.w.org\/{rel}","templated":true}]}}