{"id":6431,"date":"2023-04-24T03:58:03","date_gmt":"2023-04-23T23:58:03","guid":{"rendered":"https:\/\/umayalighting.com\/projects\/torre-o14\/"},"modified":"2023-09-16T16:41:03","modified_gmt":"2023-09-16T12:41:03","slug":"o14-tower","status":"publish","type":"product","link":"https:\/\/umayalighting.com\/es\/projects\/o14-tower\/","title":{"rendered":"Torre O14"},"content":{"rendered":"<p>Ubicado en la zona de Business Bay en Dub\u00e1i, la Torre O14 se destaca por su arquitectura org\u00e1nica y particular. La torre en si consiste en un volumen vidriado envuelto en una piel perforada, motivo por el cual es conocida en la ciudad como el \u00abQueso Suizo\u00bb. El esquema lum\u00ednico desarrollado se divide en dos grupos, creando dos escenarios diferenciados que atienden a distintas particularidades del proyecto. Desde un punto de vista volum\u00e9trico, la caparaz\u00f3n de concreto es iluminada verticalmente con intensos proyectores, destacando su forma org\u00e1nica y haciendo que la torre emerja visualmente y predomine en su contexto. A menor escala se resaltan los bordes superiores de las perforaciones, dando la apariencia que la torre emite luz desde su interior, por m\u00e1s que todas las oficinas en su interior est\u00e9n apagadas. Proyectores ubicados entre el plano vidriado y la caparaz\u00f3n logran este efecto singular.<\/p>\n","protected":false},"excerpt":{"rendered":"<p>UBICACI\u00d3N: DUBAI, EMIRATOS \u00c1RABES UNIDOS<br \/>\nUSO: Oficinas &amp; Corporativo &#8211; GRAN ALTURA<br \/>\nALCANCE: DISE\u00d1O LUM\u00cdNICO DE FACHADA<\/p>\n","protected":false},"featured_media":7993,"comment_status":"closed","ping_status":"closed","template":"","meta":{"_acf_changed":false},"product_brand":[],"product_cat":[108],"product_tag":[],"class_list":{"0":"post-6431","1":"product","2":"type-product","3":"status-publish","4":"has-post-thumbnail","6":"product_cat-proyectos","8":"first","9":"instock","10":"shipping-taxable","11":"product-type-simple"},"acf":[],"_links":{"self":[{"href":"https:\/\/umayalighting.com\/es\/wp-json\/wp\/v2\/product\/6431","targetHints":{"allow":["GET"]}}],"collection":[{"href":"https:\/\/umayalighting.com\/es\/wp-json\/wp\/v2\/product"}],"about":[{"href":"https:\/\/umayalighting.com\/es\/wp-json\/wp\/v2\/types\/product"}],"replies":[{"embeddable":true,"href":"https:\/\/umayalighting.com\/es\/wp-json\/wp\/v2\/comments?post=6431"}],"wp:featuredmedia":[{"embeddable":true,"href":"https:\/\/umayalighting.com\/es\/wp-json\/wp\/v2\/media\/7993"}],"wp:attachment":[{"href":"https:\/\/umayalighting.com\/es\/wp-json\/wp\/v2\/media?parent=6431"}],"wp:term":[{"taxonomy":"product_brand","embeddable":true,"href":"https:\/\/umayalighting.com\/es\/wp-json\/wp\/v2\/product_brand?post=6431"},{"taxonomy":"product_cat","embeddable":true,"href":"https:\/\/umayalighting.com\/es\/wp-json\/wp\/v2\/product_cat?post=6431"},{"taxonomy":"product_tag","embeddable":true,"href":"https:\/\/umayalighting.com\/es\/wp-json\/wp\/v2\/product_tag?post=6431"}],"curies":[{"name":"wp","href":"https:\/\/api.w.org\/{rel}","templated":true}]}}