{"id":6432,"date":"2023-04-24T03:52:23","date_gmt":"2023-04-23T23:52:23","guid":{"rendered":"https:\/\/umayalighting.com\/projects\/restaurante-parkers\/"},"modified":"2023-09-16T16:41:04","modified_gmt":"2023-09-16T12:41:04","slug":"parkers-restaurant","status":"publish","type":"product","link":"https:\/\/umayalighting.com\/es\/projects\/parkers-restaurant\/","title":{"rendered":"Restaurante Parker&#8217;s"},"content":{"rendered":"<p>Este restaurante inspirado en un jard\u00edn est\u00e1 iluminado por un juego de luces suaves donde los visitantes son recibidos por un ambiente inspirado en el aire libre. El elemento decorativo del \u00e1rbol se acent\u00faa para crear un contraste c\u00e1lido y acogedor que se puede leer en las diferentes zonas del restaurante donde nos hemos centrado en resaltar el elemento verde y vivo.<\/p>\n<p>Las \u00e1reas de comedor generalmente se iluminan con una combinaci\u00f3n de downlights enfocados en mesas y piezas decorativas, agregando una dimensi\u00f3n adicional al entorno de iluminaci\u00f3n. La iluminaci\u00f3n de circulaci\u00f3n se logra creando una capa de iluminaci\u00f3n general con \u00e1ngulos de haz m\u00e1s amplios y lentes suavizantes.<\/p>\n","protected":false},"excerpt":{"rendered":"<p>UBICACI\u00d3N: AL KHOBAR, ARABIA SAUDITA<br \/>\nUSO: GASTRONOM\u00cdA<br \/>\nALCANCE: DISE\u00d1O LUM\u00cdNICO DE INTERIORES, EXTERIORES, FACHADA &amp; PAISAJISMO<\/p>\n","protected":false},"featured_media":9443,"comment_status":"closed","ping_status":"closed","template":"","meta":{"_acf_changed":false},"product_brand":[],"product_cat":[108],"product_tag":[],"class_list":{"0":"post-6432","1":"product","2":"type-product","3":"status-publish","4":"has-post-thumbnail","6":"product_cat-proyectos","8":"first","9":"instock","10":"shipping-taxable","11":"product-type-simple"},"acf":[],"_links":{"self":[{"href":"https:\/\/umayalighting.com\/es\/wp-json\/wp\/v2\/product\/6432","targetHints":{"allow":["GET"]}}],"collection":[{"href":"https:\/\/umayalighting.com\/es\/wp-json\/wp\/v2\/product"}],"about":[{"href":"https:\/\/umayalighting.com\/es\/wp-json\/wp\/v2\/types\/product"}],"replies":[{"embeddable":true,"href":"https:\/\/umayalighting.com\/es\/wp-json\/wp\/v2\/comments?post=6432"}],"wp:featuredmedia":[{"embeddable":true,"href":"https:\/\/umayalighting.com\/es\/wp-json\/wp\/v2\/media\/9443"}],"wp:attachment":[{"href":"https:\/\/umayalighting.com\/es\/wp-json\/wp\/v2\/media?parent=6432"}],"wp:term":[{"taxonomy":"product_brand","embeddable":true,"href":"https:\/\/umayalighting.com\/es\/wp-json\/wp\/v2\/product_brand?post=6432"},{"taxonomy":"product_cat","embeddable":true,"href":"https:\/\/umayalighting.com\/es\/wp-json\/wp\/v2\/product_cat?post=6432"},{"taxonomy":"product_tag","embeddable":true,"href":"https:\/\/umayalighting.com\/es\/wp-json\/wp\/v2\/product_tag?post=6432"}],"curies":[{"name":"wp","href":"https:\/\/api.w.org\/{rel}","templated":true}]}}