{"id":6433,"date":"2023-04-24T03:58:39","date_gmt":"2023-04-23T23:58:39","guid":{"rendered":"https:\/\/umayalighting.com\/projects\/restaurante-maluku\/"},"modified":"2023-09-16T16:41:04","modified_gmt":"2023-09-16T12:41:04","slug":"maluku-restaurant","status":"publish","type":"product","link":"https:\/\/umayalighting.com\/es\/projects\/maluku-restaurant\/","title":{"rendered":"Restaurante Maluku"},"content":{"rendered":"<p>Nuestro esquema de iluminaci\u00f3n para este restaurante se centr\u00f3 en resaltar el caracter\u00edstico dise\u00f1o de interiores. Se utilizaron downlights con aperturas m\u00ednimas para permitir que las luminarias decorativas de rat\u00e1n ocuparan un lugar central y evitar cualquier referencia t\u00e9cnica en el espacio.<\/p>\n<p>Una segunda capa de iluminaci\u00f3n ayud\u00f3 a crear la atm\u00f3sfera particular que el cliente estaba buscando, la cual se logr\u00f3 tratando los t\u00f3tems decorativos como objetivos visuales y ocultando la iluminaci\u00f3n en muchos de los muebles.<\/p>\n<p>El resultado final es un ambiente \u00edntimo y relajado, gracias a un criterio de control personalizado, diversas escenas de luz para comer y luminarias dimerizables.<\/p>\n","protected":false},"excerpt":{"rendered":"<p>UBICACI\u00d3N: Doha, Qatar<br \/>\nUSO: GASTRONOM\u00cdA<br \/>\nALCANCE: DISE\u00d1O LUM\u00cdNICO DE INTERIORES<\/p>\n","protected":false},"featured_media":4628,"comment_status":"closed","ping_status":"closed","template":"","meta":{"_acf_changed":false},"product_brand":[],"product_cat":[108],"product_tag":[],"class_list":{"0":"post-6433","1":"product","2":"type-product","3":"status-publish","4":"has-post-thumbnail","6":"product_cat-proyectos","8":"first","9":"instock","10":"shipping-taxable","11":"product-type-simple"},"acf":[],"_links":{"self":[{"href":"https:\/\/umayalighting.com\/es\/wp-json\/wp\/v2\/product\/6433","targetHints":{"allow":["GET"]}}],"collection":[{"href":"https:\/\/umayalighting.com\/es\/wp-json\/wp\/v2\/product"}],"about":[{"href":"https:\/\/umayalighting.com\/es\/wp-json\/wp\/v2\/types\/product"}],"replies":[{"embeddable":true,"href":"https:\/\/umayalighting.com\/es\/wp-json\/wp\/v2\/comments?post=6433"}],"wp:featuredmedia":[{"embeddable":true,"href":"https:\/\/umayalighting.com\/es\/wp-json\/wp\/v2\/media\/4628"}],"wp:attachment":[{"href":"https:\/\/umayalighting.com\/es\/wp-json\/wp\/v2\/media?parent=6433"}],"wp:term":[{"taxonomy":"product_brand","embeddable":true,"href":"https:\/\/umayalighting.com\/es\/wp-json\/wp\/v2\/product_brand?post=6433"},{"taxonomy":"product_cat","embeddable":true,"href":"https:\/\/umayalighting.com\/es\/wp-json\/wp\/v2\/product_cat?post=6433"},{"taxonomy":"product_tag","embeddable":true,"href":"https:\/\/umayalighting.com\/es\/wp-json\/wp\/v2\/product_tag?post=6433"}],"curies":[{"name":"wp","href":"https:\/\/api.w.org\/{rel}","templated":true}]}}