{"id":6434,"date":"2023-04-24T03:57:56","date_gmt":"2023-04-23T23:57:56","guid":{"rendered":"https:\/\/umayalighting.com\/projects\/restaurante-salt\/"},"modified":"2023-09-16T16:41:04","modified_gmt":"2023-09-16T12:41:04","slug":"salt-restaurant","status":"publish","type":"product","link":"https:\/\/umayalighting.com\/es\/projects\/salt-restaurant\/","title":{"rendered":"Restaurante Salt"},"content":{"rendered":"<p>Los elementos de iluminaci\u00f3n de este dise\u00f1o acent\u00faan las mesas y las obras de arte para crear un paisaje contrastado en el interior. Una detallada selecci\u00f3n de diferentes haces y potencias para los downlights y proyectores nos permiti\u00f3 cumplir con los requisitos t\u00e9cnicos y est\u00e9ticos.<\/p>\n<p>La iluminaci\u00f3n integrada en los detalles arquitect\u00f3nicos contribuye a la iluminaci\u00f3n general. Uplights y downlights integrados en aletas de policarbonato transl\u00facido, pantallas LED flotantes y letreros de ne\u00f3n se suman para crear una atm\u00f3sfera \u00fanica en este restaurante.<\/p>\n","protected":false},"excerpt":{"rendered":"<p>UBICACI\u00d3N: AL KHOBAR, ARABIA SAUDITA<br \/>\nUSO: GASTRONOM\u00cdA<br \/>\nALCANCE: DISE\u00d1O LUM\u00cdNICO DE INTERIORES, EXTERIORES, FACHADA &amp; PAISAJISMO<\/p>\n","protected":false},"featured_media":9468,"comment_status":"closed","ping_status":"closed","template":"","meta":{"_acf_changed":false},"product_brand":[],"product_cat":[108],"product_tag":[],"class_list":{"0":"post-6434","1":"product","2":"type-product","3":"status-publish","4":"has-post-thumbnail","6":"product_cat-proyectos","8":"first","9":"instock","10":"shipping-taxable","11":"product-type-simple"},"acf":[],"_links":{"self":[{"href":"https:\/\/umayalighting.com\/es\/wp-json\/wp\/v2\/product\/6434","targetHints":{"allow":["GET"]}}],"collection":[{"href":"https:\/\/umayalighting.com\/es\/wp-json\/wp\/v2\/product"}],"about":[{"href":"https:\/\/umayalighting.com\/es\/wp-json\/wp\/v2\/types\/product"}],"replies":[{"embeddable":true,"href":"https:\/\/umayalighting.com\/es\/wp-json\/wp\/v2\/comments?post=6434"}],"wp:featuredmedia":[{"embeddable":true,"href":"https:\/\/umayalighting.com\/es\/wp-json\/wp\/v2\/media\/9468"}],"wp:attachment":[{"href":"https:\/\/umayalighting.com\/es\/wp-json\/wp\/v2\/media?parent=6434"}],"wp:term":[{"taxonomy":"product_brand","embeddable":true,"href":"https:\/\/umayalighting.com\/es\/wp-json\/wp\/v2\/product_brand?post=6434"},{"taxonomy":"product_cat","embeddable":true,"href":"https:\/\/umayalighting.com\/es\/wp-json\/wp\/v2\/product_cat?post=6434"},{"taxonomy":"product_tag","embeddable":true,"href":"https:\/\/umayalighting.com\/es\/wp-json\/wp\/v2\/product_tag?post=6434"}],"curies":[{"name":"wp","href":"https:\/\/api.w.org\/{rel}","templated":true}]}}